{"id":1000,"date":"2021-05-07T09:07:50","date_gmt":"2021-05-07T07:07:50","guid":{"rendered":"http:\/\/top-forum.de\/top-forum-wp\/?page_id=1000"},"modified":"2021-05-18T12:49:08","modified_gmt":"2021-05-18T10:49:08","slug":"kunden","status":"publish","type":"page","link":"https:\/\/top-forum.de\/top-forum-wp\/kunden\/","title":{"rendered":"Kunden"},"content":{"rendered":"<p>[et_pb_section fb_built=&#8220;1&#8243; fullwidth=&#8220;on&#8220; _builder_version=&#8220;4.8.1&#8243; _module_preset=&#8220;default&#8220;][et_pb_fullwidth_header _builder_version=&#8220;4.9.4&#8243; _module_preset=&#8220;default&#8220; content_font=&#8220;Poppins|600||on|||||&#8220; content_text_align=&#8220;left&#8220; content_text_color=&#8220;#213766&#8243; content_font_size=&#8220;20px&#8220; content_line_height=&#8220;1.6em&#8220; content_quote_border_color=&#8220;#213766&#8243; background_image=&#8220;https:\/\/top-forum.de\/top-forum-wp\/wp-content\/uploads\/2021\/05\/leuchtturm-fuehrung.jpg&#8220; parallax=&#8220;on&#8220;]<\/p>\n<blockquote>\n<p>\u201eWer F\u00fchrung nicht als st\u00e4ndige, weiter zu entwickelnde Aufgabe versteht, wird zuerst  von der Zeit und dann von den Bezugsgruppen der Kunden und Mitarbeiter ins Abseits gestellt.\u201c<\/p>\n<\/blockquote>\n<p>[\/et_pb_fullwidth_header][\/et_pb_section][et_pb_section fb_built=&#8220;1&#8243; _builder_version=&#8220;4.9.1&#8243; _module_preset=&#8220;default&#8220; background_color=&#8220;RGBA(0,0,0,0)&#8220;][et_pb_row _builder_version=&#8220;4.9.4&#8243; _module_preset=&#8220;default&#8220;][et_pb_column type=&#8220;4_4&#8243; _builder_version=&#8220;4.9.4&#8243; _module_preset=&#8220;default&#8220;][et_pb_text _builder_version=&#8220;4.9.4&#8243; _module_preset=&#8220;default&#8220; text_font=&#8220;Poppins|700||on|||||&#8220; text_text_color=&#8220;#E30613&#8243; text_font_size=&#8220;20px&#8220; background_color=&#8220;RGBA(0,0,0,0)&#8220; background_enable_image=&#8220;off&#8220; background_size=&#8220;initial&#8220; background_position=&#8220;top_left&#8220; custom_padding=&#8220;0px||0px|7px|true|false&#8220; border_color_all=&#8220;RGBA(0,0,0,0)&#8220; border_color_bottom=&#8220;#898989&#8243; border_width_left=&#8220;25px&#8220; border_color_left=&#8220;#E30613&#8243;]Unsere Kunden  &#8211; der Mittelstand \u2013 f\u00fcr Sie sind wir da![\/et_pb_text][\/et_pb_column][\/et_pb_row][et_pb_row column_structure=&#8220;1_2,1_2&#8243; make_equal=&#8220;on&#8220; _builder_version=&#8220;4.9.4&#8243; _module_preset=&#8220;default&#8220;][et_pb_column type=&#8220;1_2&#8243; _builder_version=&#8220;4.9.4&#8243; _module_preset=&#8220;default&#8220; background_color=&#8220;RGBA(0,0,0,0)&#8220; custom_padding=&#8220;0px|0px|0px|0px|true|true&#8220; border_radii=&#8220;on|3px|3px|3px|3px&#8220;][et_pb_text _builder_version=&#8220;4.9.4&#8243; _module_preset=&#8220;default&#8220; text_font=&#8220;||||||||&#8220; text_text_color=&#8220;#777777&#8243;]<\/p>\n<p>Unsere pers\u00f6nlichen Ansprechpartner sind hier vor allem die:<\/p>\n<p>[\/et_pb_text][et_pb_text _builder_version=&#8220;4.9.4&#8243; _module_preset=&#8220;default&#8220;]<\/p>\n<ul>\n<li>Vorst\u00e4nde<\/li>\n<li>Gesch\u00e4ftsf\u00fchrer<\/li>\n<li>HR Manager<\/li>\n<li>Personal-Manager\/Leiter<\/li>\n<\/ul>\n<p>[\/et_pb_text][et_pb_text _builder_version=&#8220;4.9.4&#8243; _module_preset=&#8220;default&#8220;]<\/p>\n<p>die wir auf vielf\u00e4ltigste Weise unterst\u00fctzen. Gerne k\u00f6nnen Sie mich direkt kontaktieren, ich freue mich auf ein Gespr\u00e4ch mit Ihnen.\n<\/p>\n<p>[\/et_pb_text][\/et_pb_column][et_pb_column type=&#8220;1_2&#8243; _builder_version=&#8220;4.9.4&#8243; _module_preset=&#8220;default&#8220; background_color=&#8220;RGBA(0,0,0,0)&#8220; custom_padding=&#8220;0px|0px|0px|0px|true|true&#8220; border_radii=&#8220;on|3px|3px|3px|3px&#8220;][et_pb_text _builder_version=&#8220;4.9.4&#8243; _module_preset=&#8220;default&#8220; hover_enabled=&#8220;0&#8243; sticky_enabled=&#8220;0&#8243; custom_margin=&#8220;||||false|false&#8220; custom_padding=&#8220;15%|20%|15%|20%|true|false&#8220;]<br \/>\n<img decoding=\"async\" loading=\"lazy\" src=\"https:\/\/top-forum.de\/top-forum-wp\/wp-content\/uploads\/2021\/05\/dr-fuhr.jpg\" alt=\"Dr. Wolfgang Fuhr\" title=\"Dr. Wolfgang Fuhr\" height=\"100\" width=\"100\" srcset=\"https:\/\/top-forum.de\/top-forum-wp\/wp-content\/uploads\/2021\/05\/dr-fuhr.jpg 192w, https:\/\/top-forum.de\/top-forum-wp\/wp-content\/uploads\/2021\/05\/dr-fuhr-150x150.jpg 150w\" sizes=\"(max-width: 192px) 100vw, 192px\" class=\"wp-image-1084\" style=\"border-radius: 50%; float: left;\" \/><\/p>\n<p><a class=\"et_pb_button et_pb_custom_button_icon et_pb_button_0 et_pb_bg_layout_light\" style=\"padding: 8px 30px 8px 8px; margin-left: -15px;\" href=\"tel:+49%20056%2025%20\u2013%2040%2021\" data-icon=\"\ue090\"> +49 (0) 56 25 \u2013 40 21<\/a><br \/>\n[\/et_pb_text][\/et_pb_column][\/et_pb_row][et_pb_row _builder_version=&#8220;4.9.4&#8243; _module_preset=&#8220;default&#8220;][et_pb_column type=&#8220;4_4&#8243; _builder_version=&#8220;4.9.4&#8243; _module_preset=&#8220;default&#8220;][et_pb_text _builder_version=&#8220;4.9.4&#8243; _module_preset=&#8220;default&#8220; text_font=&#8220;Poppins|700||on|||||&#8220; text_text_color=&#8220;#E30613&#8243; text_font_size=&#8220;20px&#8220; background_color=&#8220;RGBA(0,0,0,0)&#8220; background_enable_image=&#8220;off&#8220; background_size=&#8220;initial&#8220; background_position=&#8220;top_left&#8220; custom_padding=&#8220;0px||0px|7px|true|false&#8220; border_color_all=&#8220;RGBA(0,0,0,0)&#8220; border_color_bottom=&#8220;#898989&#8243; border_width_left=&#8220;25px&#8220; border_color_left=&#8220;#E30613&#8243;]Einige Kunden-Zitate:[\/et_pb_text][\/et_pb_column][\/et_pb_row][et_pb_row column_structure=&#8220;1_2,1_2&#8243; _builder_version=&#8220;4.9.4&#8243; _module_preset=&#8220;default&#8220;][et_pb_column type=&#8220;1_2&#8243; _builder_version=&#8220;4.9.4&#8243; _module_preset=&#8220;default&#8220;][et_pb_text _builder_version=&#8220;4.9.4&#8243; _module_preset=&#8220;default&#8220; text_text_color=&#8220;#777777&#8243;]<\/p>\n<p>&#8222;Die Art und Weise, mit der Sie es verstanden haben, unsere F\u00fchrungskr\u00e4fte zu motivieren und neue Impulse zu setzen war beeindruckend. Es ist Ihnen gelungen, die F\u00fchrungskr\u00e4fte in die Lage zu versetzen, den eigenen Erfolg gezielt herbeif\u00fchren zu k\u00f6nnen, so dass wir aus \u00dcberzeugung von einer sinnvollen Investition sprechen k\u00f6nnen. Sie haben eine bei aller notwendigen H\u00e4rte der Aussagen, einf\u00fchlsame und wertsch\u00e4tzende Vorgehensweise praktiziert. Erfreulich ist, dass einige unserer F\u00fchrungskr\u00e4fte noch heute immer wieder Unterst\u00fctzung und Rat bei Ihnen suchen.  Besonders sch\u00e4tzen wir, dass Sie einen ganzheitlichen Ansatz f\u00fcr die Neuausrichtung unserer F\u00fchrungskultur w\u00e4hlten und neben den kompetenten, theoretischen Aufbereitungen die praktische Umsetzung des Ganzen nie aus den Augen verloren. Die Ergebnisse Ihrer Arbeit sind praxisgerecht und k\u00f6nnen direkt umgesetzte werden.&#8220;<\/p>\n<p>[\/et_pb_text][\/et_pb_column][et_pb_column type=&#8220;1_2&#8243; _builder_version=&#8220;4.9.4&#8243; _module_preset=&#8220;default&#8220; animation_style=&#8220;slide&#8220; animation_direction=&#8220;right&#8220;][et_pb_text quote_border_color=&#8220;#E30613&#8243; _builder_version=&#8220;4.9.4&#8243; _module_preset=&#8220;default&#8220; text_font=&#8220;Poppins|600||on|||||&#8220; text_text_color=&#8220;#E30613&#8243; text_font_size=&#8220;20px&#8220; text_line_height=&#8220;1.6em&#8220; background_color=&#8220;RGBA(0,0,0,0)&#8220; custom_margin=&#8220;||||false|false&#8220; custom_padding=&#8220;0px|15px|0px|15px|true|true&#8220; border_radii=&#8220;on|3px|3px|3px|3px&#8220;]<\/p>\n<blockquote>\n<p style=\"text-align: left;\">HR-Leitung eines Konzerns<\/p>\n<\/blockquote>\n<p>[\/et_pb_text][\/et_pb_column][\/et_pb_row][et_pb_row column_structure=&#8220;1_2,1_2&#8243; _builder_version=&#8220;4.9.4&#8243; _module_preset=&#8220;default&#8220;][et_pb_column type=&#8220;1_2&#8243; _builder_version=&#8220;4.9.4&#8243; _module_preset=&#8220;default&#8220;][et_pb_text _builder_version=&#8220;4.9.4&#8243; _module_preset=&#8220;default&#8220; text_text_color=&#8220;#777777&#8243;]<\/p>\n<p>&#8222;Nach zwei Jahren intensiver Zusammenarbeit mit Herrn Dr. Fuhr k\u00f6nnen wir ihm best\u00e4tigen, dass die vereinbarten Ziele erreicht wurden und dass der XYZ in dem benannten Zeitraum ein gro\u00dfer Schritt in Richtung Wettbewerbsf\u00e4higkeit gelungen ist. Heute hat die XYZ ein modernes, ziel- und ergebnisorientiertes F\u00fchrungs- und Managementsystem, eine Center- und F\u00fchrungskultur, die sich sehr positiv in Richtung von mehr Wirtschaftlichkeit, Effizienz und Humanit\u00e4t entwickelt hat. Zudem werden die Werte der XYZ von immer mehr Menschen im Haus angenommen und gelebt, was sich sehr motivierend auf die Zusammenarbeit auswirkt. Wir sprechen Herrn Dr. Fuhr unsere besondere Anerkennung und Dank aus, dass er unseren Ver\u00e4nderungsprozess mit unerm\u00fcdlichem Einsatz und exzellenter Fachkompetenz vorangetrieben hat. &#8222;<\/p>\n<p>[\/et_pb_text][\/et_pb_column][et_pb_column type=&#8220;1_2&#8243; _builder_version=&#8220;4.9.4&#8243; _module_preset=&#8220;default&#8220; animation_style=&#8220;slide&#8220; animation_direction=&#8220;right&#8220;][et_pb_text quote_border_color=&#8220;#E30613&#8243; _builder_version=&#8220;4.9.4&#8243; _module_preset=&#8220;default&#8220; text_font=&#8220;Poppins|600||on|||||&#8220; text_text_color=&#8220;#E30613&#8243; text_font_size=&#8220;20px&#8220; text_line_height=&#8220;1.6em&#8220; background_color=&#8220;RGBA(0,0,0,0)&#8220; custom_margin=&#8220;||||false|false&#8220; custom_padding=&#8220;0px|15px|0px|15px|true|true&#8220; border_radii=&#8220;on|3px|3px|3px|3px&#8220;]<\/p>\n<blockquote>\n<p style=\"text-align: left;\">Gesch\u00e4ftsf\u00fchrung eines gro\u00dfen Verkehrsunternehmen<\/p>\n<\/blockquote>\n<p>[\/et_pb_text][\/et_pb_column][\/et_pb_row][et_pb_row column_structure=&#8220;1_2,1_2&#8243; _builder_version=&#8220;4.9.4&#8243; _module_preset=&#8220;default&#8220;][et_pb_column type=&#8220;1_2&#8243; _builder_version=&#8220;4.9.4&#8243; _module_preset=&#8220;default&#8220;][et_pb_text _builder_version=&#8220;4.9.4&#8243; _module_preset=&#8220;default&#8220; text_text_color=&#8220;#777777&#8243;]<\/p>\n<p>&#8222;W\u00e4hrend des gesamten Prozesses wurden wir durch Herrn Dr. Fuhr mit hoher Kompetenz begleitet. Bei allen auftretenden schwierigen Problemen, personeller als auch konzeptioneller Art, stand uns Herr Dr. Fuhr konstruktiv und zielf\u00fchrend zur Seite. Er verstand es immer wieder, die handelnden Personen zu motivieren und f\u00fcr \u201edie Sache\u201c zu gewinnen. Seiner Leistungsbereitschaft und seinem Engagement haben wir es zu verdanken, dass wir das Projekt zum Erfolg gef\u00fchrt haben. Er unterst\u00fctzte den Vorstand als auch die F\u00fchrungskr\u00e4fte durch Coaching und trug dadurch wesentlich zur Weiterentwicklung der F\u00e4higkeiten dieser Personen bei. Herr Dr. Fuhr setzt sich in hohem Ma\u00df f\u00fcr den Wert der Menschen und die Bedeutung von Werten im Unternehmen ein. Er lebt die Werte vor und hat dadurch eine hohe Anerkennung bei F\u00fchrungskr\u00e4ften und Mitarbeitern. Er genie\u00dft das volle Vertrauen und Loyalit\u00e4t aller Beteiligten. Herr Dr. Fuhr zeichnet sich durch ein hohes Fachwissen und eine hohe Fachkompetenz aus\u2026\u201c <\/p>\n<p>[\/et_pb_text][\/et_pb_column][et_pb_column type=&#8220;1_2&#8243; _builder_version=&#8220;4.9.4&#8243; _module_preset=&#8220;default&#8220; animation_style=&#8220;slide&#8220; animation_direction=&#8220;right&#8220;][et_pb_text quote_border_color=&#8220;#E30613&#8243; _builder_version=&#8220;4.9.4&#8243; _module_preset=&#8220;default&#8220; text_font=&#8220;Poppins|600||on|||||&#8220; text_text_color=&#8220;#E30613&#8243; text_font_size=&#8220;20px&#8220; text_line_height=&#8220;1.6em&#8220; background_color=&#8220;RGBA(0,0,0,0)&#8220; custom_margin=&#8220;||||false|false&#8220; custom_padding=&#8220;0px|15px|0px|15px|true|true&#8220; border_radii=&#8220;on|3px|3px|3px|3px&#8220;]<\/p>\n<blockquote>\n<p style=\"text-align: left;\">Vorstand eines Gesundheitsunternehmens<\/p>\n<\/blockquote>\n<p>[\/et_pb_text][\/et_pb_column][\/et_pb_row][et_pb_row column_structure=&#8220;1_2,1_2&#8243; _builder_version=&#8220;4.9.4&#8243; _module_preset=&#8220;default&#8220;][et_pb_column type=&#8220;1_2&#8243; _builder_version=&#8220;4.9.4&#8243; _module_preset=&#8220;default&#8220;][et_pb_text _builder_version=&#8220;4.9.4&#8243; _module_preset=&#8220;default&#8220; text_text_color=&#8220;#777777&#8243;]<\/p>\n<p>&#8222;Aufgrund seines Engagements und seiner pers\u00f6nlichen Integrit\u00e4t konnte Herr Dr. Fuhr die F\u00fchrungskr\u00e4fte auch bei schwierigsten Problemstellungen in Zeiten starker kultureller Ver\u00e4nderungen im Unternehmen unterst\u00fctzen. Mit seiner Sensibilit\u00e4t f\u00fcr die Situation und die handelnden Personen, hat er stets konstruktiv zu Probleml\u00f6sungen beigetragen. Seine Akzeptanz bei F\u00fchrungskr\u00e4ften, Mitarbeitern und dem Betriebsrat war sehr hoch.&#8220;\n <\/p>\n<p>[\/et_pb_text][\/et_pb_column][et_pb_column type=&#8220;1_2&#8243; _builder_version=&#8220;4.9.4&#8243; _module_preset=&#8220;default&#8220; animation_style=&#8220;slide&#8220; animation_direction=&#8220;right&#8220;][et_pb_text quote_border_color=&#8220;#E30613&#8243; _builder_version=&#8220;4.9.4&#8243; _module_preset=&#8220;default&#8220; text_font=&#8220;Poppins|600||on|||||&#8220; text_text_color=&#8220;#E30613&#8243; text_font_size=&#8220;20px&#8220; text_line_height=&#8220;1.6em&#8220; background_color=&#8220;RGBA(0,0,0,0)&#8220; custom_margin=&#8220;||||false|false&#8220; custom_padding=&#8220;0px|15px|0px|15px|true|true&#8220; border_radii=&#8220;on|3px|3px|3px|3px&#8220;]<\/p>\n<blockquote>\n<p style=\"text-align: left;\">Gesch\u00e4ftsf\u00fchrer mittelst\u00e4ndisches Unternehmen<\/p>\n<\/blockquote>\n<p>[\/et_pb_text][\/et_pb_column][\/et_pb_row][\/et_pb_section]<\/p>\n","protected":false},"excerpt":{"rendered":"<p>\u201eWer F\u00fchrung nicht als st\u00e4ndige, weiter zu entwickelnde Aufgabe versteht, wird zuerst von der Zeit und dann von den Bezugsgruppen der Kunden und Mitarbeiter ins Abseits gestellt.\u201c Unsere Kunden &#8211; der Mittelstand \u2013 f\u00fcr Sie sind wir da!Unsere pers\u00f6nlichen Ansprechpartner sind hier vor allem die: Vorst\u00e4nde Gesch\u00e4ftsf\u00fchrer HR Manager Personal-Manager\/Leiter die wir auf vielf\u00e4ltigste Weise [&hellip;]<\/p>\n","protected":false},"author":1,"featured_media":0,"parent":0,"menu_order":0,"comment_status":"closed","ping_status":"closed","template":"","meta":{"_et_pb_use_builder":"on","_et_pb_old_content":"","_et_gb_content_width":""},"_links":{"self":[{"href":"https:\/\/top-forum.de\/top-forum-wp\/wp-json\/wp\/v2\/pages\/1000"}],"collection":[{"href":"https:\/\/top-forum.de\/top-forum-wp\/wp-json\/wp\/v2\/pages"}],"about":[{"href":"https:\/\/top-forum.de\/top-forum-wp\/wp-json\/wp\/v2\/types\/page"}],"author":[{"embeddable":true,"href":"https:\/\/top-forum.de\/top-forum-wp\/wp-json\/wp\/v2\/users\/1"}],"replies":[{"embeddable":true,"href":"https:\/\/top-forum.de\/top-forum-wp\/wp-json\/wp\/v2\/comments?post=1000"}],"version-history":[{"count":12,"href":"https:\/\/top-forum.de\/top-forum-wp\/wp-json\/wp\/v2\/pages\/1000\/revisions"}],"predecessor-version":[{"id":1103,"href":"https:\/\/top-forum.de\/top-forum-wp\/wp-json\/wp\/v2\/pages\/1000\/revisions\/1103"}],"wp:attachment":[{"href":"https:\/\/top-forum.de\/top-forum-wp\/wp-json\/wp\/v2\/media?parent=1000"}],"curies":[{"name":"wp","href":"https:\/\/api.w.org\/{rel}","templated":true}]}}