{"id":1012,"date":"2021-05-07T09:40:05","date_gmt":"2021-05-07T07:40:05","guid":{"rendered":"http:\/\/top-forum.de\/top-forum-wp\/?page_id=1012"},"modified":"2021-07-07T11:18:53","modified_gmt":"2021-07-07T09:18:53","slug":"leistungsportfolio","status":"publish","type":"page","link":"https:\/\/top-forum.de\/top-forum-wp\/leistungsportfolio\/","title":{"rendered":"Leistungsportfolio"},"content":{"rendered":"<p>[et_pb_section fb_built=&#8220;1&#8243; fullwidth=&#8220;on&#8220; _builder_version=&#8220;4.8.1&#8243; _module_preset=&#8220;default&#8220;][et_pb_fullwidth_header _builder_version=&#8220;4.9.4&#8243; _module_preset=&#8220;default&#8220; content_font=&#8220;Poppins|600||on|||||&#8220; content_text_align=&#8220;left&#8220; content_text_color=&#8220;#213766&#8243; content_font_size=&#8220;20px&#8220; content_line_height=&#8220;1.6em&#8220; content_quote_border_color=&#8220;#213766&#8243; background_image=&#8220;https:\/\/top-forum.de\/top-forum-wp\/wp-content\/uploads\/2021\/05\/leuchtturm-fuehrung.jpg&#8220; parallax=&#8220;on&#8220;]<\/p>\n<blockquote>\n<p>&#8222;Es gibt so viele Herausforderungen heute <br \/>\u2013 pr\u00fcfen Sie uns, ob wir als Partner <br \/>zu Ihnen passen!\u201c<\/p>\n<\/blockquote>\n<p>[\/et_pb_fullwidth_header][\/et_pb_section][et_pb_section fb_built=&#8220;1&#8243; _builder_version=&#8220;4.9.1&#8243; _module_preset=&#8220;default&#8220; background_color=&#8220;RGBA(0,0,0,0)&#8220;][et_pb_row _builder_version=&#8220;4.9.4&#8243; _module_preset=&#8220;default&#8220;][et_pb_column type=&#8220;4_4&#8243; _builder_version=&#8220;4.9.4&#8243; _module_preset=&#8220;default&#8220;][et_pb_text _builder_version=&#8220;4.9.4&#8243; _module_preset=&#8220;default&#8220; text_font=&#8220;Poppins|700||on|||||&#8220; text_text_color=&#8220;#E30613&#8243; text_font_size=&#8220;20px&#8220; background_color=&#8220;RGBA(0,0,0,0)&#8220; background_enable_image=&#8220;off&#8220; background_size=&#8220;initial&#8220; background_position=&#8220;top_left&#8220; custom_padding=&#8220;0px||0px|7px|true|false&#8220; border_color_all=&#8220;RGBA(0,0,0,0)&#8220; border_color_bottom=&#8220;#898989&#8243; border_width_left=&#8220;25px&#8220; border_color_left=&#8220;#E30613&#8243;]Ihre (m\u00f6glichen) Bedarfs-Situationen (Auszug) \u2013 Sie m\u00f6chten Ihr\/e[\/et_pb_text][\/et_pb_column][\/et_pb_row][et_pb_row column_structure=&#8220;1_2,1_2&#8243; make_equal=&#8220;on&#8220; _builder_version=&#8220;4.9.4&#8243; _module_preset=&#8220;default&#8220;][et_pb_column type=&#8220;1_2&#8243; _builder_version=&#8220;4.9.4&#8243; _module_preset=&#8220;default&#8220; background_color=&#8220;RGBA(0,0,0,0)&#8220; custom_padding=&#8220;0px|0px|0px|0px|true|true&#8220; border_radii=&#8220;on|3px|3px|3px|3px&#8220;][et_pb_text ul_type=&#8220;square&#8220; ul_item_indent=&#8220;20px&#8220; _builder_version=&#8220;4.9.4&#8243; _module_preset=&#8220;default&#8220; text_font=&#8220;||||||||&#8220; text_text_color=&#8220;#777777&#8243; ul_line_height=&#8220;2em&#8220;]<\/p>\n<ul>\n<li>Sie m\u00f6chten eine <strong>HR- und F\u00fchrungs-Strategie<\/strong> der Zukunft entwickeln und suchen einen Partner, der Sie auf diesem Weg begleitet und unterst\u00fctzt<\/li>\n<li>Sie m\u00f6chten ihr <strong>F\u00fchrungs- und Management-System<\/strong> wirksamer machen und ihre F\u00fchrung neu ausrichten. Deshalb m\u00f6chten Sie ihr ganzes F\u00fchrungssystem einem F\u00fchrungsaudit unterziehen.<\/li>\n<li>Sie m\u00f6chten ihre <strong>Personal- und F\u00fchrungsinstrumente<\/strong> einer grundlegenden Revision unterziehen und durch bessere, wirksamere und den heutigen Anforderungen entsprechende Tools ersetzen<\/li>\n<li>Sie m\u00f6chten ihre <strong>F\u00fchrungskr\u00e4fte wert- und wertorientiert<\/strong> fordern, f\u00f6rdern und zu Top-Leader machen, die unterschiedliche F\u00fchrungsstile variieren und generationen-gerecht\/er f\u00fchren (k\u00f6nnen)<\/li>\n<li>Sie brauchen <strong>Unterst\u00fctzung f\u00fcr bestimmte Bereiche, Abteilungen<\/strong>, die schlecht gef\u00fchrt werden und die Kultur leistungs- und motivationsmindern wirken<\/li>\n<li>Sie m\u00f6chten ihr <strong>F\u00fchrungs- und Leitungsteam einem Feedbackprozess<\/strong> unterziehen, um geeignete Trennungs-, Entwicklungs- und F\u00f6rderma\u00dfnahmen einzuleiten<\/li>\n<li>Sie m\u00f6chten im Rahmen von Personal-Ma\u00dfnahmen ein <strong>neues F\u00fchrungsteam aufbauen<\/strong>, welches hochwirksam und motiviert mit ihnen gemeinsam die avisierten Ziele realisiert und Sie m\u00f6chten ihr F\u00fchrungsteam auf neue Ziele und Herausforderungen einschw\u00f6ren-<\/li>\n<li>Sie suchen nach innovativen <strong>HR-L\u00f6sungen<\/strong>, mit denen Sie Ihre F\u00fchrungskr\u00e4fte individuell unterst\u00fctzen und \u00fcber geeignete Entwicklungs-Programme f\u00f6rdern k\u00f6nnen.<\/li>\n<li>Sie m\u00f6chten das (F\u00fchrungs-) <strong>Potential ihrer F\u00fchrungskr\u00e4fte<\/strong> \u00fcber geeignete Tools, wie F\u00fchrungs- und Management-Audits <strong>besser einsch\u00e4tzen<\/strong> und bewerten k\u00f6nnen<\/li>\n<li>Sie m\u00f6chten ihre F\u00fchrungskr\u00e4fte und Mitarbeiter durch geeignete Programme vor den <strong>Folgen von Stress und \u00dcberforderung<\/strong> besser sch\u00fctzen als bisher.<\/li>\n<\/ul>\n<p>[\/et_pb_text][\/et_pb_column][et_pb_column type=&#8220;1_2&#8243; _builder_version=&#8220;4.9.4&#8243; _module_preset=&#8220;default&#8220; background_color=&#8220;RGBA(0,0,0,0)&#8220; custom_padding=&#8220;0px|0px|0px|0px|true|true&#8220; animation_style=&#8220;slide&#8220; animation_direction=&#8220;right&#8220; border_radii=&#8220;on|3px|3px|3px|3px&#8220;][et_pb_text quote_border_color=&#8220;#E30613&#8243; _builder_version=&#8220;4.9.4&#8243; _module_preset=&#8220;default&#8220; text_font=&#8220;Poppins|600||on|||||&#8220; text_text_color=&#8220;#E30613&#8243; text_font_size=&#8220;20px&#8220; text_line_height=&#8220;1.6em&#8220; background_color=&#8220;RGBA(0,0,0,0)&#8220; custom_margin=&#8220;3%||||false|false&#8220; custom_padding=&#8220;15px|15px|15px|15px|true|true&#8220; border_radii=&#8220;on|3px|3px|3px|3px&#8220;]<\/p>\n<blockquote>\n<p style=\"text-align: left;\">\u201eAGILE F\u00dcHRUNG, F\u00dcHRUNG VON \u201eOBEN\u201c UND \u201eUNTEN\u201c, GENERATIONENGERECHT, INTEGRIT\u00c4T, WERTSCH\u00c4TZUNG, RESPEKT, FAIRNESS, SELBSTSTEUERUNG, IDENTIT\u00c4T UND SINNORIENTIERUNG SIND DIE BAUSTEINE, AUS DENEN ZUKUNFTSORIENTIERTE F\u00dcHRUNGS-SYSTEME UND KULTUREN AUFGEBAU WERDEN.\u201c<\/p>\n<\/blockquote>\n<p>[\/et_pb_text][et_pb_text _builder_version=&#8220;4.9.4&#8243; _module_preset=&#8220;default&#8220; custom_margin=&#8220;||||false|false&#8220; custom_padding=&#8220;|20%||20%|false|false&#8220;]<img decoding=\"async\" loading=\"lazy\" src=\"https:\/\/top-forum.de\/top-forum-wp\/wp-content\/uploads\/2021\/05\/dr-fuhr.jpg\" alt=\"Dr. Wolfgang Fuhr\" title=\"Dr. Wolfgang Fuhr\" height=\"100\" width=\"100\" srcset=\"https:\/\/top-forum.de\/top-forum-wp\/wp-content\/uploads\/2021\/05\/dr-fuhr.jpg 192w, https:\/\/top-forum.de\/top-forum-wp\/wp-content\/uploads\/2021\/05\/dr-fuhr-150x150.jpg 150w\" sizes=\"(max-width: 192px) 100vw, 192px\" class=\"wp-image-1084\" style=\"border-radius: 50%; float: left;\" \/><\/p>\n<p><a class=\"et_pb_button et_pb_custom_button_icon et_pb_button_0 et_pb_bg_layout_light\" style=\"padding: 8px 30px 8px 8px; margin-left: -15px;\" href=\"tel:+49%20056%2025%20\u2013%2040%2021\" data-icon=\"\ue090\"> +49 (0) 56 25 \u2013 40 21<\/a>[\/et_pb_text][\/et_pb_column][\/et_pb_row][et_pb_row _builder_version=&#8220;4.9.4&#8243; _module_preset=&#8220;default&#8220;][et_pb_column type=&#8220;4_4&#8243; _builder_version=&#8220;4.9.4&#8243; _module_preset=&#8220;default&#8220;][et_pb_text _builder_version=&#8220;4.9.4&#8243; _module_preset=&#8220;default&#8220; text_font=&#8220;Poppins|700||on|||||&#8220; text_text_color=&#8220;#E30613&#8243; text_font_size=&#8220;20px&#8220; background_color=&#8220;RGBA(0,0,0,0)&#8220; background_enable_image=&#8220;off&#8220; background_size=&#8220;initial&#8220; background_position=&#8220;top_left&#8220; custom_padding=&#8220;0px||0px|7px|true|false&#8220; border_color_all=&#8220;RGBA(0,0,0,0)&#8220; border_color_bottom=&#8220;#898989&#8243; border_width_left=&#8220;25px&#8220; border_color_left=&#8220;#E30613&#8243;]Unsere Leistungen \u2013 Unser ERFOLGSweg: \u201eVom Problem zur L\u00f6sung\u201c[\/et_pb_text][\/et_pb_column][\/et_pb_row][et_pb_row column_structure=&#8220;1_2,1_2&#8243; _builder_version=&#8220;4.9.4&#8243; _module_preset=&#8220;default&#8220;][et_pb_column type=&#8220;1_2&#8243; _builder_version=&#8220;4.9.4&#8243; _module_preset=&#8220;default&#8220;][et_pb_text module_class=&#8220;listerot&#8220; _builder_version=&#8220;4.9.4&#8243; _module_preset=&#8220;default&#8220;]<\/p>\n<ol>\n<li>Vom Problem zur (praktischen) <strong>L\u00f6sung<\/strong><\/li>\n<li>Von der L\u00f6sung zur (realisierten) <strong>Umsetzung<\/strong><\/li>\n<li>Von der Umsetzung zum (ERFOLGS-) <strong>Ergebnis<\/strong><\/li>\n<\/ol>\n<p>[\/et_pb_text][et_pb_text module_class=&#8220;listerot&#8220; _builder_version=&#8220;4.9.4&#8243; _module_preset=&#8220;default&#8220;]<\/p>\n<p><strong>Unser Angebot:<\/strong><\/p>\n<p>Sie suchen einen <strong>Coach und Sparringspartner<\/strong>, der f\u00fchrungs- und projekterfahren ist, der die Werte lebt, die er propagiert und der Sie auf ihrem pers\u00f6nlich-fachlichen Werdegang begleitet und unterst\u00fctzen kann und dies sowohl in taktischen wie in strategischen Fragen.<\/p>\n<p>[\/et_pb_text][\/et_pb_column][et_pb_column type=&#8220;1_2&#8243; _builder_version=&#8220;4.9.4&#8243; _module_preset=&#8220;default&#8220; animation_style=&#8220;slide&#8220; animation_direction=&#8220;right&#8220;][et_pb_text quote_border_color=&#8220;#E30613&#8243; _builder_version=&#8220;4.9.4&#8243; _module_preset=&#8220;default&#8220; text_font=&#8220;Poppins|600||on|||||&#8220; text_text_color=&#8220;#E30613&#8243; text_font_size=&#8220;20px&#8220; text_line_height=&#8220;1.6em&#8220; background_color=&#8220;RGBA(0,0,0,0)&#8220; custom_margin=&#8220;||||false|false&#8220; custom_padding=&#8220;|15px||15px|true|true&#8220; hover_enabled=&#8220;0&#8243; border_radii=&#8220;on|3px|3px|3px|3px&#8220; sticky_enabled=&#8220;0&#8243;]<\/p>\n<blockquote>\n<p>\u201eUNSERE ST\u00c4RKE LIEGT NICHT NUR IM SYSTEMISCH-METHODISCHEN ANSATZ, SONDERN IM VORLEBEN VON LEADERSHIP UND DEN WERTEN, IM BEGEISTERN UND MITNEHMEN DER MENSCHEN, ALS PARTNER F\u00dcR UNSERE KUNDEN WIRKSAM WERDEN, ALS WENN ES UNSER EIGENES  UNTERNEHMEN W\u00c4RE. DAS IST UNSERE \u201eST\u00c4RKE\u201c! FRAGEN SIE UNSERE KUNDEN!\u201c<\/p>\n<\/blockquote>\n<p>[\/et_pb_text][\/et_pb_column][\/et_pb_row][et_pb_row _builder_version=&#8220;4.9.4&#8243; _module_preset=&#8220;default&#8220;][et_pb_column type=&#8220;4_4&#8243; _builder_version=&#8220;4.9.4&#8243; _module_preset=&#8220;default&#8220;][et_pb_text _builder_version=&#8220;4.9.4&#8243; _module_preset=&#8220;default&#8220; text_font=&#8220;Poppins|700||on|||||&#8220; text_text_color=&#8220;#E30613&#8243; text_font_size=&#8220;20px&#8220; background_color=&#8220;RGBA(0,0,0,0)&#8220; background_enable_image=&#8220;off&#8220; background_size=&#8220;initial&#8220; background_position=&#8220;top_left&#8220; custom_padding=&#8220;0px||0px|7px|true|false&#8220; border_color_all=&#8220;RGBA(0,0,0,0)&#8220; border_color_bottom=&#8220;#898989&#8243; border_width_left=&#8220;25px&#8220; border_color_left=&#8220;#E30613&#8243;]Wir unterst\u00fctzen Sie in verschiedenen Rollen als[\/et_pb_text][\/et_pb_column][\/et_pb_row][et_pb_row column_structure=&#8220;1_2,1_2&#8243; _builder_version=&#8220;4.9.4&#8243; _module_preset=&#8220;default&#8220;][et_pb_column type=&#8220;1_2&#8243; _builder_version=&#8220;4.9.4&#8243; _module_preset=&#8220;default&#8220;][et_pb_text ul_type=&#8220;square&#8220; _builder_version=&#8220;4.9.4&#8243; _module_preset=&#8220;default&#8220; text_text_color=&#8220;#777777&#8243; ul_line_height=&#8220;1.8em&#8220;]<\/p>\n<ul>\n<li><strong>Sparrings-Partner\/Berater<\/strong> der Gesch\u00e4ftsf\u00fchrung, des Vorstandes, der HR-Leitung<br \/>und HR-Managern<\/li>\n<li><strong>Projekt-Leiter<\/strong> von zu planenden bzw. gestarteten F\u00fchrungs-Projekten<\/li>\n<li><strong>Entwickler von HR- und F\u00fchrungs-Tools<\/strong>, als Konzept-Designer f\u00fcr HR-Projekte<\/li>\n<li><strong>HR- und F\u00fchrungs-Experte<\/strong> in allen Fragen der Weiter-Entwicklung Ihrer F\u00fchrung<\/li>\n<li><strong>Team- und Projektleiter<\/strong> meiner Trainer-Kollegen\/Innen, die wir f\u00fcr Sie einsetzen<\/li>\n<li><strong>Coach, Trainer und Berater<\/strong> von F\u00fchrungskr\u00e4ften und Managern der obersten Ebenen<\/li>\n<li><strong>Potential-Tester<\/strong> f\u00fcr unterschiedlichste Tools und Verfahren<\/li>\n<\/ul>\n<p>[\/et_pb_text][\/et_pb_column][et_pb_column type=&#8220;1_2&#8243; _builder_version=&#8220;4.9.4&#8243; _module_preset=&#8220;default&#8220;][\/et_pb_column][\/et_pb_row][\/et_pb_section]<\/p>\n","protected":false},"excerpt":{"rendered":"<p>&#8222;Es gibt so viele Herausforderungen heute \u2013 pr\u00fcfen Sie uns, ob wir als Partner zu Ihnen passen!\u201c Ihre (m\u00f6glichen) Bedarfs-Situationen (Auszug) \u2013 Sie m\u00f6chten Ihr\/e Sie m\u00f6chten eine HR- und F\u00fchrungs-Strategie der Zukunft entwickeln und suchen einen Partner, der Sie auf diesem Weg begleitet und unterst\u00fctzt Sie m\u00f6chten ihr F\u00fchrungs- und Management-System wirksamer machen und [&hellip;]<\/p>\n","protected":false},"author":1,"featured_media":0,"parent":0,"menu_order":0,"comment_status":"closed","ping_status":"closed","template":"","meta":{"_et_pb_use_builder":"on","_et_pb_old_content":"","_et_gb_content_width":""},"_links":{"self":[{"href":"https:\/\/top-forum.de\/top-forum-wp\/wp-json\/wp\/v2\/pages\/1012"}],"collection":[{"href":"https:\/\/top-forum.de\/top-forum-wp\/wp-json\/wp\/v2\/pages"}],"about":[{"href":"https:\/\/top-forum.de\/top-forum-wp\/wp-json\/wp\/v2\/types\/page"}],"author":[{"embeddable":true,"href":"https:\/\/top-forum.de\/top-forum-wp\/wp-json\/wp\/v2\/users\/1"}],"replies":[{"embeddable":true,"href":"https:\/\/top-forum.de\/top-forum-wp\/wp-json\/wp\/v2\/comments?post=1012"}],"version-history":[{"count":16,"href":"https:\/\/top-forum.de\/top-forum-wp\/wp-json\/wp\/v2\/pages\/1012\/revisions"}],"predecessor-version":[{"id":1177,"href":"https:\/\/top-forum.de\/top-forum-wp\/wp-json\/wp\/v2\/pages\/1012\/revisions\/1177"}],"wp:attachment":[{"href":"https:\/\/top-forum.de\/top-forum-wp\/wp-json\/wp\/v2\/media?parent=1012"}],"curies":[{"name":"wp","href":"https:\/\/api.w.org\/{rel}","templated":true}]}}