{"id":183,"date":"2021-01-22T13:21:41","date_gmt":"2021-01-22T12:21:41","guid":{"rendered":"http:\/\/top-forum.de\/top-forum-wp\/?page_id=183"},"modified":"2021-07-07T11:23:02","modified_gmt":"2021-07-07T09:23:02","slug":"kontakt","status":"publish","type":"page","link":"https:\/\/top-forum.de\/top-forum-wp\/kontakt\/","title":{"rendered":"Kontakt"},"content":{"rendered":"<p>[et_pb_section fb_built=&#8220;1&#8243; fullwidth=&#8220;on&#8220; _builder_version=&#8220;4.8.1&#8243; _module_preset=&#8220;default&#8220;][et_pb_fullwidth_header header_image_url=&#8220;https:\/\/top-forum.de\/top-forum-wp\/wp-content\/uploads\/2021\/05\/dr-fuhr.jpg&#8220; _builder_version=&#8220;4.9.4&#8243; _module_preset=&#8220;default&#8220; content_font=&#8220;Poppins|600||on|||||&#8220; content_text_align=&#8220;left&#8220; content_text_color=&#8220;#213766&#8243; content_font_size=&#8220;20px&#8220; content_line_height=&#8220;1.6em&#8220; content_quote_border_color=&#8220;#213766&#8243; background_image=&#8220;https:\/\/top-forum.de\/top-forum-wp\/wp-content\/uploads\/2021\/05\/leuchtturm-fuehrung.jpg&#8220; parallax=&#8220;on&#8220; border_radii_image=&#8220;on|50%|50%|50%|50%&#8220;]<\/p>\n<blockquote><p>&#8222;Gerne k\u00f6nnen Sie mich direkt kontaktieren, ich freue mich auf ein Gespr\u00e4ch mit Ihnen.&#8220;<\/p><\/blockquote>\n<p>[\/et_pb_fullwidth_header][\/et_pb_section][et_pb_section fb_built=&#8220;1&#8243; _builder_version=&#8220;4.9.2&#8243; _module_preset=&#8220;default&#8220; background_color=&#8220;RGBA(0,0,0,0)&#8220;][et_pb_row column_structure=&#8220;1_2,1_2&#8243; _builder_version=&#8220;4.8.1&#8243; _module_preset=&#8220;default&#8220;][et_pb_column type=&#8220;1_2&#8243; _builder_version=&#8220;4.8.1&#8243; _module_preset=&#8220;default&#8220;][et_pb_text _builder_version=&#8220;4.9.4&#8243; _module_preset=&#8220;default&#8220; text_font=&#8220;Poppins|700||on|||||&#8220; text_text_color=&#8220;#E30613&#8243; text_font_size=&#8220;20px&#8220; background_color=&#8220;RGBA(0,0,0,0)&#8220; background_enable_image=&#8220;off&#8220; background_size=&#8220;initial&#8220; background_position=&#8220;top_left&#8220; custom_padding=&#8220;0px||0px|7px|true|false&#8220; border_color_all=&#8220;RGBA(0,0,0,0)&#8220; border_color_bottom=&#8220;#898989&#8243; border_width_left=&#8220;25px&#8220; border_color_left=&#8220;#E30613&#8243;]<\/p>\n<p>Kontaktdaten<\/p>\n<p>[\/et_pb_text][et_pb_text _builder_version=&#8220;4.9.4&#8243; _module_preset=&#8220;default&#8220; text_font=&#8220;||||||||&#8220;]<\/p>\n<p>Dr. Wolfgang Fuhr<br \/>T<strong>OP-Forum Dr. Fuhr<\/strong><br \/>Lindenstra\u00dfe 41<br \/>34308 Bad Emstal<\/p>\n<p>Telefon: +49 (0) 56 25 \u2013 40 21<br \/>Telefax: +49 (0) 56 25 \u2013 4072<br \/>E-Mail: <a href=\"&#x6d;&#x61;&#x69;&#x6c;&#x74;&#x6f;&#x3a;&#x6d;&#x61;&#x69;&#x6c;&#x74;&#x6f;&#x69;&#x6e;&#x66;&#x6f;&#x40;&#x74;&#x6f;&#x70;&#x2d;&#102;&#111;&#114;&#117;&#109;&#46;&#100;&#101;\">info&#64;top&#45;&#102;&#111;&#114;&#117;&#109;&#46;&#100;&#101;<\/a><\/p>\n<p>[\/et_pb_text][\/et_pb_column][et_pb_column type=&#8220;1_2&#8243; _builder_version=&#8220;4.8.1&#8243; _module_preset=&#8220;default&#8220;][et_pb_text _builder_version=&#8220;4.9.4&#8243; _module_preset=&#8220;default&#8220; text_font=&#8220;Poppins|700||on|||||&#8220; text_text_color=&#8220;#E30613&#8243; text_font_size=&#8220;20px&#8220; background_color=&#8220;RGBA(0,0,0,0)&#8220; background_enable_image=&#8220;off&#8220; background_size=&#8220;initial&#8220; background_position=&#8220;top_left&#8220; custom_padding=&#8220;0px||0px|7px|true|false&#8220; border_color_all=&#8220;RGBA(0,0,0,0)&#8220; border_color_bottom=&#8220;#898989&#8243; border_width_left=&#8220;25px&#8220; border_color_left=&#8220;#E30613&#8243;]<\/p>\n<p>Kontakformular<\/p>\n<p>[\/et_pb_text][et_pb_text _builder_version=&#8220;4.9.4&#8243; _module_preset=&#8220;default&#8220; text_font=&#8220;||||||||&#8220;]<\/p>\n<p>Sie k\u00f6nnen das Formular verwenden um Kontakt mit mir aufzunehmen.\u00a0Ich freue mich \u00fcber Ihre Nachricht.<\/p>\n<p>[\/et_pb_text][et_pb_contact_form email=&#8220;i&#110;&#x66;&#x6f;&#64;&#116;&#97;&#x6e;&#x7a;s&#116;&#117;&#x64;&#x69;o&#45;&#x66;&#x72;&#x75;e&#110;&#x64;&#x2e;d&#101;&#8220; custom_message=&#8220;Folgende Nachricht wurde gesendet: %%Message%%&#8220; success_message=&#8220;Vielen Dank f\u00fcr Ihre Nachricht!&#8220; _builder_version=&#8220;4.9.4&#8243; _module_preset=&#8220;default&#8220; hover_enabled=&#8220;0&#8243; sticky_enabled=&#8220;0&#8243; form_field_background_color=&#8220;#FFFFFF&#8220;][et_pb_contact_field field_id=&#8220;Name&#8220; field_title=&#8220;Name&#8220; _builder_version=&#8220;3.16&#8243; button_text_size__hover_enabled=&#8220;off&#8220; button_one_text_size__hover_enabled=&#8220;off&#8220; button_two_text_size__hover_enabled=&#8220;off&#8220; button_text_color__hover_enabled=&#8220;off&#8220; button_one_text_color__hover_enabled=&#8220;off&#8220; button_two_text_color__hover_enabled=&#8220;off&#8220; button_border_width__hover_enabled=&#8220;off&#8220; button_one_border_width__hover_enabled=&#8220;off&#8220; button_two_border_width__hover_enabled=&#8220;off&#8220; button_border_color__hover_enabled=&#8220;off&#8220; button_one_border_color__hover_enabled=&#8220;off&#8220; button_two_border_color__hover_enabled=&#8220;off&#8220; button_border_radius__hover_enabled=&#8220;off&#8220; button_one_border_radius__hover_enabled=&#8220;off&#8220; button_two_border_radius__hover_enabled=&#8220;off&#8220; button_letter_spacing__hover_enabled=&#8220;off&#8220; button_one_letter_spacing__hover_enabled=&#8220;off&#8220; button_two_letter_spacing__hover_enabled=&#8220;off&#8220; button_bg_color__hover_enabled=&#8220;off&#8220; button_one_bg_color__hover_enabled=&#8220;off&#8220; button_two_bg_color__hover_enabled=&#8220;off&#8220;][\/et_pb_contact_field][et_pb_contact_field field_id=&#8220;Email&#8220; field_title=&#8220;E-Mail-Adresse&#8220; field_type=&#8220;email&#8220; _builder_version=&#8220;3.16&#8243; button_text_size__hover_enabled=&#8220;off&#8220; button_one_text_size__hover_enabled=&#8220;off&#8220; button_two_text_size__hover_enabled=&#8220;off&#8220; button_text_color__hover_enabled=&#8220;off&#8220; button_one_text_color__hover_enabled=&#8220;off&#8220; button_two_text_color__hover_enabled=&#8220;off&#8220; button_border_width__hover_enabled=&#8220;off&#8220; button_one_border_width__hover_enabled=&#8220;off&#8220; button_two_border_width__hover_enabled=&#8220;off&#8220; button_border_color__hover_enabled=&#8220;off&#8220; button_one_border_color__hover_enabled=&#8220;off&#8220; button_two_border_color__hover_enabled=&#8220;off&#8220; button_border_radius__hover_enabled=&#8220;off&#8220; button_one_border_radius__hover_enabled=&#8220;off&#8220; button_two_border_radius__hover_enabled=&#8220;off&#8220; button_letter_spacing__hover_enabled=&#8220;off&#8220; button_one_letter_spacing__hover_enabled=&#8220;off&#8220; button_two_letter_spacing__hover_enabled=&#8220;off&#8220; button_bg_color__hover_enabled=&#8220;off&#8220; button_one_bg_color__hover_enabled=&#8220;off&#8220; button_two_bg_color__hover_enabled=&#8220;off&#8220;][\/et_pb_contact_field][et_pb_contact_field field_id=&#8220;Message&#8220; field_title=&#8220;Nachricht&#8220; field_type=&#8220;text&#8220; fullwidth_field=&#8220;on&#8220; _builder_version=&#8220;4.8.2&#8243; button_text_size__hover_enabled=&#8220;off&#8220; button_one_text_size__hover_enabled=&#8220;off&#8220; button_two_text_size__hover_enabled=&#8220;off&#8220; button_text_color__hover_enabled=&#8220;off&#8220; button_one_text_color__hover_enabled=&#8220;off&#8220; button_two_text_color__hover_enabled=&#8220;off&#8220; button_border_width__hover_enabled=&#8220;off&#8220; button_one_border_width__hover_enabled=&#8220;off&#8220; button_two_border_width__hover_enabled=&#8220;off&#8220; button_border_color__hover_enabled=&#8220;off&#8220; button_one_border_color__hover_enabled=&#8220;off&#8220; button_two_border_color__hover_enabled=&#8220;off&#8220; button_border_radius__hover_enabled=&#8220;off&#8220; button_one_border_radius__hover_enabled=&#8220;off&#8220; button_two_border_radius__hover_enabled=&#8220;off&#8220; button_letter_spacing__hover_enabled=&#8220;off&#8220; button_one_letter_spacing__hover_enabled=&#8220;off&#8220; button_two_letter_spacing__hover_enabled=&#8220;off&#8220; button_bg_color__hover_enabled=&#8220;off&#8220; button_one_bg_color__hover_enabled=&#8220;off&#8220; button_two_bg_color__hover_enabled=&#8220;off&#8220;][\/et_pb_contact_field][et_pb_contact_field fullwidth_field=&#8220;on&#8220; _builder_version=&#8220;4.9.4&#8243; _module_preset=&#8220;default&#8220; field_id=&#8220;Datenschutz&#8220; field_title=&#8220;Datenschutz&#8220; field_type=&#8220;checkbox&#8220; checkbox_options=&#8220;%91{%22value%22:%22Ich habe die Datenschutzhinweise zur Kenntnis genommen.%22,%22checked%22:0,%22dragID%22:-1,%22link_url%22:%22\/datenschutz%22}%93&#8243; hover_enabled=&#8220;0&#8243; sticky_enabled=&#8220;0&#8243;][\/et_pb_contact_field][\/et_pb_contact_form][\/et_pb_column][\/et_pb_row][\/et_pb_section]<\/p>\n","protected":false},"excerpt":{"rendered":"<p>&#8222;Gerne k\u00f6nnen Sie mich direkt kontaktieren, ich freue mich auf ein Gespr\u00e4ch mit Ihnen.&#8220;KontaktdatenDr. Wolfgang FuhrTOP-Forum Dr. FuhrLindenstra\u00dfe 4134308 Bad Emstal Telefon: +49 (0) 56 25 \u2013 40 21Telefax: +49 (0) 56 25 \u2013 4072E-Mail: &#105;&#x6e;&#102;&#x6f;&#64;&#x74;&#111;&#x70;&#45;&#x66;&#111;&#x72;u&#x6d;&#46;&#x64;e&#x4b;o&#x6e;t&#x61;k&#102;&#x6f;&#114;&#x6d;&#117;&#x6c;&#97;&#x72;&#83;&#x69;&#101; k\u00f6nnen das Formular verwenden um Kontakt mit mir aufzunehmen.\u00a0Ich freue mich \u00fcber Ihre Nachricht.<\/p>\n","protected":false},"author":1,"featured_media":0,"parent":0,"menu_order":0,"comment_status":"closed","ping_status":"closed","template":"","meta":{"_et_pb_use_builder":"on","_et_pb_old_content":"","_et_gb_content_width":""},"_links":{"self":[{"href":"https:\/\/top-forum.de\/top-forum-wp\/wp-json\/wp\/v2\/pages\/183"}],"collection":[{"href":"https:\/\/top-forum.de\/top-forum-wp\/wp-json\/wp\/v2\/pages"}],"about":[{"href":"https:\/\/top-forum.de\/top-forum-wp\/wp-json\/wp\/v2\/types\/page"}],"author":[{"embeddable":true,"href":"https:\/\/top-forum.de\/top-forum-wp\/wp-json\/wp\/v2\/users\/1"}],"replies":[{"embeddable":true,"href":"https:\/\/top-forum.de\/top-forum-wp\/wp-json\/wp\/v2\/comments?post=183"}],"version-history":[{"count":39,"href":"https:\/\/top-forum.de\/top-forum-wp\/wp-json\/wp\/v2\/pages\/183\/revisions"}],"predecessor-version":[{"id":1179,"href":"https:\/\/top-forum.de\/top-forum-wp\/wp-json\/wp\/v2\/pages\/183\/revisions\/1179"}],"wp:attachment":[{"href":"https:\/\/top-forum.de\/top-forum-wp\/wp-json\/wp\/v2\/media?parent=183"}],"curies":[{"name":"wp","href":"https:\/\/api.w.org\/{rel}","templated":true}]}}