{"id":20,"date":"2021-01-19T11:43:20","date_gmt":"2021-01-19T10:43:20","guid":{"rendered":"http:\/\/top-forum.de\/top-forum-wp\/?page_id=20"},"modified":"2021-07-07T11:09:59","modified_gmt":"2021-07-07T09:09:59","slug":"startseite","status":"publish","type":"page","link":"https:\/\/top-forum.de\/top-forum-wp\/","title":{"rendered":"Startseite"},"content":{"rendered":"<p>[et_pb_section fb_built=&#8220;1&#8243; _builder_version=&#8220;4.9.4&#8243; _module_preset=&#8220;default&#8220; background_image=&#8220;https:\/\/top-forum.de\/top-forum-wp\/wp-content\/uploads\/2021\/05\/leuchtturm.jpg&#8220; parallax=&#8220;on&#8220;][et_pb_row _builder_version=&#8220;4.9.4&#8243; _module_preset=&#8220;default&#8220; background_color=&#8220;RGBA(0,0,0,0)&#8220; custom_margin=&#8220;||||true|false&#8220; custom_padding=&#8220;||||true|true&#8220;][et_pb_column type=&#8220;4_4&#8243; _builder_version=&#8220;4.9.4&#8243; _module_preset=&#8220;default&#8220; background_color=&#8220;rgba(227,6,19,0.81)&#8220; custom_padding=&#8220;20px|20px|20px|20px|true|true&#8220; animation_style=&#8220;slide&#8220; animation_direction=&#8220;top&#8220; animation_delay=&#8220;300ms&#8220; border_radii=&#8220;on|3px|3px|3px|3px&#8220;][et_pb_text _builder_version=&#8220;4.9.4&#8243; _module_preset=&#8220;default&#8220; text_font=&#8220;Poppins|700||on|||||&#8220; text_text_color=&#8220;#FFFFFF&#8220; text_font_size=&#8220;42px&#8220; text_line_height=&#8220;1em&#8220; custom_margin=&#8220;17px|||||&#8220;]<\/p>\n<p>F\u00fchrung gestalten!<\/p>\n<p>[\/et_pb_text][et_pb_text _builder_version=&#8220;4.9.4&#8243; _module_preset=&#8220;default&#8220; text_font=&#8220;|600|||||||&#8220; text_text_color=&#8220;#FFFFFF&#8220;]<\/p>\n<p>Nachhaltiges Management ist \u2013 wert- und wertorientiert, daraus leitet sich ab: <strong>Nachhaltige F\u00fchrung muss ERFOLGSwirksam und GESUND f\u00fcr die Menschen sein<\/strong>.<\/p>\n<p>[\/et_pb_text][et_pb_button button_url=&#8220;@ET-DC@eyJkeW5hbWljIjp0cnVlLCJjb250ZW50IjoicG9zdF9saW5rX3VybF9wYWdlIiwic2V0dGluZ3MiOnsicG9zdF9pZCI6IjkxOSJ9fQ==@&#8220; button_text=&#8220;Erfolgsfaktor FQ-M&#8220; _builder_version=&#8220;4.9.4&#8243; _dynamic_attributes=&#8220;button_url&#8220; _module_preset=&#8220;default&#8220;][\/et_pb_button][\/et_pb_column][\/et_pb_row][et_pb_row column_structure=&#8220;1_3,1_3,1_3&#8243; make_equal=&#8220;on&#8220; _builder_version=&#8220;4.9.4&#8243; _module_preset=&#8220;default&#8220; background_color=&#8220;RGBA(0,0,0,0)&#8220; custom_margin=&#8220;||||true|false&#8220; custom_padding=&#8220;||||true|true&#8220;][et_pb_column type=&#8220;1_3&#8243; _builder_version=&#8220;4.9.4&#8243; _module_preset=&#8220;default&#8220; background_color=&#8220;rgba(24,166,223,0.82)&#8220; custom_padding=&#8220;20px|20px|20px|20px|true|true&#8220; animation_style=&#8220;slide&#8220; animation_direction=&#8220;bottom&#8220; animation_delay=&#8220;800ms&#8220; border_radii=&#8220;on|3px|3px|3px|3px&#8220;][et_pb_text _builder_version=&#8220;4.9.4&#8243; _module_preset=&#8220;default&#8220; text_font=&#8220;Poppins|700||on|||||&#8220; text_text_color=&#8220;#FFFFFF&#8220; text_font_size=&#8220;25px&#8220;]<\/p>\n<p>Nachhaltig<\/p>\n<p>[\/et_pb_text][et_pb_text _builder_version=&#8220;4.9.4&#8243; _module_preset=&#8220;default&#8220; text_text_color=&#8220;#FFFFFF&#8220;]<\/p>\n<p>Nicht nur den <strong>ERFOLG von heute sichern<\/strong>, sondern (auch) das tun, was uns den ERFOLG morgen sichert &#8230;<br \/>&nbsp;<\/p>\n<p>[\/et_pb_text][et_pb_button button_url=&#8220;@ET-DC@eyJkeW5hbWljIjp0cnVlLCJjb250ZW50IjoicG9zdF9saW5rX3VybF9wYWdlIiwic2V0dGluZ3MiOnsicG9zdF9pZCI6IjkxOSJ9fQ==@&#8220; button_text=&#8220;Erfolgsfaktor FQ-M&#8220; _builder_version=&#8220;4.9.4&#8243; _dynamic_attributes=&#8220;button_url&#8220; _module_preset=&#8220;default&#8220;][\/et_pb_button][\/et_pb_column][et_pb_column type=&#8220;1_3&#8243; _builder_version=&#8220;4.9.4&#8243; _module_preset=&#8220;default&#8220; background_color=&#8220;rgba(241,136,29,0.87)&#8220; custom_padding=&#8220;20px|20px|20px|20px|true|true&#8220; animation_style=&#8220;slide&#8220; animation_direction=&#8220;bottom&#8220; animation_delay=&#8220;1100ms&#8220; border_radii=&#8220;on|3px|3px|3px|3px&#8220;][et_pb_text _builder_version=&#8220;4.9.4&#8243; _module_preset=&#8220;default&#8220; text_font=&#8220;Poppins|700||on|||||&#8220; text_text_color=&#8220;#FFFFFF&#8220; text_font_size=&#8220;25px&#8220;]<\/p>\n<p>wirksam<\/p>\n<p>[\/et_pb_text][et_pb_text _builder_version=&#8220;4.9.4&#8243; _module_preset=&#8220;default&#8220; text_text_color=&#8220;#FFFFFF&#8220;]<\/p>\n<p>Der Zweck von F\u00fchrung ist <strong>ERFOLGS-Wirksamkeit<\/strong>, die Menschen erleben sie positiv- motivierend und die Ergebnisse zeigen es &#8230;<\/p>\n<p>[\/et_pb_text][et_pb_button button_url=&#8220;@ET-DC@eyJkeW5hbWljIjp0cnVlLCJjb250ZW50IjoicG9zdF9saW5rX3VybF9wYWdlIiwic2V0dGluZ3MiOnsicG9zdF9pZCI6IjkxOSJ9fQ==@&#8220; button_text=&#8220;Erfolgsfaktor FQ-M&#8220; _builder_version=&#8220;4.9.4&#8243; _dynamic_attributes=&#8220;button_url&#8220; _module_preset=&#8220;default&#8220;][\/et_pb_button][\/et_pb_column][et_pb_column type=&#8220;1_3&#8243; _builder_version=&#8220;4.9.4&#8243; _module_preset=&#8220;default&#8220; background_color=&#8220;rgba(81,175,61,0.81)&#8220; custom_padding=&#8220;20px|20px|20px|20px|true|true&#8220; animation_style=&#8220;slide&#8220; animation_direction=&#8220;bottom&#8220; animation_delay=&#8220;1400ms&#8220; border_radii=&#8220;on|3px|3px|3px|3px&#8220;][et_pb_text _builder_version=&#8220;4.9.4&#8243; _module_preset=&#8220;default&#8220; text_font=&#8220;Poppins|700||on|||||&#8220; text_text_color=&#8220;#FFFFFF&#8220; text_font_size=&#8220;25px&#8220;]<\/p>\n<p>Gesund<\/p>\n<p>[\/et_pb_text][et_pb_text _builder_version=&#8220;4.9.4&#8243; _module_preset=&#8220;default&#8220; text_text_color=&#8220;#FFFFFF&#8220;]<\/p>\n<p><strong>ERFOLGSwirksame F\u00fchrung ist ganzheitlich<\/strong>, wenn Menschen an K\u00f6rper, Geist und Seele in Balance bleiben &#8230;<br \/>&nbsp;<\/p>\n<p>[\/et_pb_text][et_pb_button button_url=&#8220;@ET-DC@eyJkeW5hbWljIjp0cnVlLCJjb250ZW50IjoicG9zdF9saW5rX3VybF9wYWdlIiwic2V0dGluZ3MiOnsicG9zdF9pZCI6IjkxOSJ9fQ==@&#8220; button_text=&#8220;Erfolgsfaktor FQ-M&#8220; _builder_version=&#8220;4.9.4&#8243; _dynamic_attributes=&#8220;button_url&#8220; _module_preset=&#8220;default&#8220;][\/et_pb_button][\/et_pb_column][\/et_pb_row][\/et_pb_section][et_pb_section fb_built=&#8220;1&#8243; _builder_version=&#8220;4.9.1&#8243; _module_preset=&#8220;default&#8220; background_color=&#8220;RGBA(0,0,0,0)&#8220;][et_pb_row column_structure=&#8220;1_2,1_2&#8243; make_equal=&#8220;on&#8220; _builder_version=&#8220;4.9.4&#8243; _module_preset=&#8220;default&#8220;][et_pb_column type=&#8220;1_2&#8243; _builder_version=&#8220;4.9.4&#8243; _module_preset=&#8220;default&#8220; background_color=&#8220;RGBA(0,0,0,0)&#8220; custom_padding=&#8220;20px|20px|20px|20px|true|true&#8220; border_radii=&#8220;on|3px|3px|3px|3px&#8220;][et_pb_text _builder_version=&#8220;4.9.4&#8243; _module_preset=&#8220;default&#8220; text_font=&#8220;Poppins|700||on|||||&#8220; text_text_color=&#8220;#777777&#8243; text_font_size=&#8220;20px&#8220; background_color=&#8220;RGBA(0,0,0,0)&#8220; background_enable_image=&#8220;off&#8220; background_size=&#8220;initial&#8220; background_position=&#8220;top_left&#8220; custom_padding=&#8220;0px||0px|7px|true|false&#8220; border_color_bottom=&#8220;#898989&#8243; border_width_left=&#8220;25px&#8220; border_color_left=&#8220;#777777&#8243;]Unsere alte Mission ist beendet[\/et_pb_text][et_pb_text _builder_version=&#8220;4.9.4&#8243; _module_preset=&#8220;default&#8220; text_font=&#8220;||||||||&#8220; text_text_color=&#8220;#777777&#8243;]<\/p>\n<p>\u00dcber 28 Jahre HR- und Personal-Beratung f\u00fcr den Mittelstand \u2013 wir sagen Danke f\u00fcr die vielen und \u00e4u\u00dferst interessanten Projekte, die wir f\u00fcr unsere Klienten durchf\u00fchren durften! Danke f\u00fcr das gro\u00dfe Vertrauen, welches wir \u00fcber unsere Klienten erfahren haben, <strong>Danke f\u00fcr eine tolle Zusammenarbeit!<\/strong><\/p>\n<p><strong>Jetzt ist die Zeit gekommen, unsere Mission neu zu justieren!<\/strong><\/p>\n<p>[\/et_pb_text][\/et_pb_column][et_pb_column type=&#8220;1_2&#8243; _builder_version=&#8220;4.9.4&#8243; _module_preset=&#8220;default&#8220; background_color=&#8220;RGBA(0,0,0,0)&#8220; custom_padding=&#8220;20px|20px|20px|20px|true|true&#8220; animation_style=&#8220;slide&#8220; animation_direction=&#8220;right&#8220; border_radii=&#8220;on|3px|3px|3px|3px&#8220;][et_pb_text _builder_version=&#8220;4.9.4&#8243; _module_preset=&#8220;default&#8220; text_text_color=&#8220;#FFFFFF&#8220; background_color=&#8220;#777777&#8243; custom_margin=&#8220;0px||||false|false&#8220; custom_padding=&#8220;15px|15px|15px|15px|true|true&#8220; border_radii=&#8220;on|3px|3px|3px|3px&#8220;]<\/p>\n<p><strong>HINWEIS:<\/strong> Wir bitten von Initiativbewerbungen abzusehen, da wir unsere T\u00e4tigkeit im Bereich der klassischen Personalberatung beendet haben .<\/p>\n<p>[\/et_pb_text][\/et_pb_column][\/et_pb_row][et_pb_row column_structure=&#8220;1_2,1_2&#8243; make_equal=&#8220;on&#8220; _builder_version=&#8220;4.9.4&#8243; _module_preset=&#8220;default&#8220;][et_pb_column type=&#8220;1_2&#8243; _builder_version=&#8220;4.9.4&#8243; _module_preset=&#8220;default&#8220; background_color=&#8220;RGBA(0,0,0,0)&#8220; custom_padding=&#8220;20px|20px|20px|20px|true|true&#8220; border_radii=&#8220;on|3px|3px|3px|3px&#8220;][et_pb_text _builder_version=&#8220;4.9.4&#8243; _module_preset=&#8220;default&#8220; text_font=&#8220;Poppins|700||on|||||&#8220; text_text_color=&#8220;#E30613&#8243; text_font_size=&#8220;20px&#8220; background_color=&#8220;RGBA(0,0,0,0)&#8220; background_enable_image=&#8220;off&#8220; background_size=&#8220;initial&#8220; background_position=&#8220;top_left&#8220; custom_padding=&#8220;0px||0px|7px|true|false&#8220; border_color_all=&#8220;RGBA(0,0,0,0)&#8220; border_color_bottom=&#8220;#898989&#8243; border_width_left=&#8220;25px&#8220; border_color_left=&#8220;#E30613&#8243;]<\/p>\n<p>Unsere neue Mission<\/p>\n<p>[\/et_pb_text][et_pb_text _builder_version=&#8220;4.9.4&#8243; _module_preset=&#8220;default&#8220; text_font=&#8220;||||||||&#8220; text_text_color=&#8220;#777777&#8243; hover_enabled=&#8220;0&#8243; sticky_enabled=&#8220;0&#8243;]<\/p>\n<p>Auf der Basis unserer \u00fcber 25j\u00e4hrigen Erfahrung m\u00f6chten wir unsere Expertise, unsere Projekt-Erfahrungen, unser Wissen und unsere <strong>Fachkompetenz weitergeben<\/strong> \u2013 an die Unternehmen, die erkannt haben, dass der nachhaltige Unternehmens-Erfolg ma\u00dfgeblich von der F\u00fchrung abh\u00e4ngt.<\/p>\n<p>Folglich\u00a0<strong>muss F\u00fchrung strategisch gestaltet werden<\/strong>, und das ist unsere <strong>neue Mission<\/strong>, der wir uns (wieder) mit ganzer Leidenschaft widmen m\u00f6chten.<\/p>\n<p>Dazu nutzen wir unsere <strong>gewachsene Beratungskompetenz<\/strong>, unsere langj\u00e4hrigen <strong>Projekt-Erfahrungen<\/strong>, unsere eigenen <strong>Studien und Forschungsergebnisse<\/strong>, unsere <strong>F\u00fchrungs-Tools<\/strong> und insbesondere unser <strong>strategisch-systemisch<\/strong> <strong>angelegtes F-QM System<\/strong>, mit dem jede Organisation &#8211; unabh\u00e4ngig vom aktuellen Entwicklungsstand \u2013 in allen F\u00fchrungsfragen und -themen weiter entwickelt werden kann.<\/p>\n<p><strong>Wir arbeiten als Team mit langj\u00e4hrigen Partner zusammen<\/strong>, die sich in Deutschland einen sehr guten Ruf erworben haben und f\u00fcr unsere Werte wie Integrit\u00e4t, Kompetenz, Seriosit\u00e4t, Fairness und Wertsch\u00e4tzung stehen.<\/p>\n<p>[\/et_pb_text][\/et_pb_column][et_pb_column type=&#8220;1_2&#8243; _builder_version=&#8220;4.9.4&#8243; _module_preset=&#8220;default&#8220; background_color=&#8220;RGBA(0,0,0,0)&#8220; custom_padding=&#8220;20px|20px|20px|20px|true|true&#8220; animation_style=&#8220;slide&#8220; animation_direction=&#8220;right&#8220; border_radii=&#8220;on|3px|3px|3px|3px&#8220;][et_pb_text quote_border_color=&#8220;#E30613&#8243; _builder_version=&#8220;4.9.4&#8243; _module_preset=&#8220;default&#8220; text_font=&#8220;Poppins|600||on|||||&#8220; text_text_color=&#8220;#E30613&#8243; text_font_size=&#8220;20px&#8220; text_line_height=&#8220;1.6em&#8220; background_color=&#8220;RGBA(0,0,0,0)&#8220; custom_margin=&#8220;0px||||false|false&#8220; custom_padding=&#8220;15px|15px|15px|15px|true|true&#8220; border_radii=&#8220;on|3px|3px|3px|3px&#8220;]<\/p>\n<blockquote>\n<p style=\"text-align: left;\">F\u00fchrung gestalten \u2013 nachhaltig \u2013 erfolgswirksam \u2013 gesund!<\/p>\n<\/blockquote>\n<p>[\/et_pb_text][et_pb_text _builder_version=&#8220;4.9.4&#8243; _module_preset=&#8220;default&#8220; custom_margin=&#8220;||||false|false&#8220; custom_padding=&#8220;10%|20%||20%|false|false&#8220;]<img decoding=\"async\" loading=\"lazy\" src=\"https:\/\/top-forum.de\/top-forum-wp\/wp-content\/uploads\/2021\/05\/dr-fuhr.jpg\" alt=\"Dr. Wolfgang Fuhr\" title=\"Dr. Wolfgang Fuhr\" height=\"100\" width=\"100\" srcset=\"https:\/\/top-forum.de\/top-forum-wp\/wp-content\/uploads\/2021\/05\/dr-fuhr.jpg 192w, https:\/\/top-forum.de\/top-forum-wp\/wp-content\/uploads\/2021\/05\/dr-fuhr-150x150.jpg 150w\" sizes=\"(max-width: 192px) 100vw, 192px\" class=\"wp-image-1084\" style=\"border-radius: 50%; float: left;\" \/><\/p>\n<p><a class=\"et_pb_button et_pb_custom_button_icon et_pb_button_0 et_pb_bg_layout_light\" style=\"padding: 8px 30px 8px 8px; margin-left: -15px;\" href=\"tel:+49%20056%2025%20\u2013%2040%2021\" data-icon=\"\ue090\"> +49 (0) 56 25 \u2013 40 21<\/a>[\/et_pb_text][\/et_pb_column][\/et_pb_row][et_pb_row column_structure=&#8220;2_3,1_3&#8243; _builder_version=&#8220;4.9.4&#8243; _module_preset=&#8220;default&#8220;][et_pb_column type=&#8220;2_3&#8243; _builder_version=&#8220;4.9.4&#8243; _module_preset=&#8220;default&#8220;][et_pb_text quote_border_color=&#8220;#E30613&#8243; _builder_version=&#8220;4.9.4&#8243; _module_preset=&#8220;default&#8220; text_font=&#8220;Poppins|600||on|||||&#8220; text_text_color=&#8220;#777777&#8243; text_font_size=&#8220;20px&#8220; text_line_height=&#8220;1.6em&#8220; background_color=&#8220;RGBA(0,0,0,0)&#8220; custom_margin=&#8220;0px||||false|false&#8220; custom_padding=&#8220;15px|15px|15px|15px|true|true&#8220; border_radii=&#8220;on|3px|3px|3px|3px&#8220;]<\/p>\n<blockquote><p>Wir haben ein \u00fcber zwanzig Jahren f\u00fcr die Praxis ausgearbeitetes F\u00fchrungs- und Management-System entwickelt, das in dieser systemischen, strategischen und ganzheitlichen Form einzigartig sein d\u00fcrfte. Wir haben es unter dem Begriff \u201e<span style=\"color: #e30613;\">F-QM Ansatz<\/span>\u201c zusammengefasst. Das K\u00fcrzel F-QM steht f\u00fcr \u201e<span style=\"color: #e30613;\">F\u00fchrungs-Qualit\u00e4ts-<\/span><span style=\"color: #e30613;\">Management<\/span>\u201c. Es ist Lizenzierbar.<\/p><\/blockquote>\n<p>[\/et_pb_text][\/et_pb_column][et_pb_column type=&#8220;1_3&#8243; _builder_version=&#8220;4.9.4&#8243; _module_preset=&#8220;default&#8220;][et_pb_image src=&#8220;https:\/\/top-forum.de\/top-forum-wp\/wp-content\/uploads\/2021\/06\/FQ-M-Logo.png&#8220; alt=&#8220;FQ-M-Logo&#8220; title_text=&#8220;FQ-M-Logo&#8220; _builder_version=&#8220;4.9.4&#8243; _module_preset=&#8220;default&#8220; custom_padding=&#8220;30px||||false|false&#8220;][\/et_pb_image][\/et_pb_column][\/et_pb_row][\/et_pb_section]<\/p>\n","protected":false},"excerpt":{"rendered":"<p>F\u00fchrung gestalten!Nachhaltiges Management ist \u2013 wert- und wertorientiert, daraus leitet sich ab: Nachhaltige F\u00fchrung muss ERFOLGSwirksam und GESUND f\u00fcr die Menschen sein.NachhaltigNicht nur den ERFOLG von heute sichern, sondern (auch) das tun, was uns den ERFOLG morgen sichert &#8230;&nbsp;wirksamDer Zweck von F\u00fchrung ist ERFOLGS-Wirksamkeit, die Menschen erleben sie positiv- motivierend und die Ergebnisse zeigen es [&hellip;]<\/p>\n","protected":false},"author":1,"featured_media":0,"parent":0,"menu_order":0,"comment_status":"closed","ping_status":"closed","template":"","meta":{"_et_pb_use_builder":"on","_et_pb_old_content":"","_et_gb_content_width":""},"_links":{"self":[{"href":"https:\/\/top-forum.de\/top-forum-wp\/wp-json\/wp\/v2\/pages\/20"}],"collection":[{"href":"https:\/\/top-forum.de\/top-forum-wp\/wp-json\/wp\/v2\/pages"}],"about":[{"href":"https:\/\/top-forum.de\/top-forum-wp\/wp-json\/wp\/v2\/types\/page"}],"author":[{"embeddable":true,"href":"https:\/\/top-forum.de\/top-forum-wp\/wp-json\/wp\/v2\/users\/1"}],"replies":[{"embeddable":true,"href":"https:\/\/top-forum.de\/top-forum-wp\/wp-json\/wp\/v2\/comments?post=20"}],"version-history":[{"count":101,"href":"https:\/\/top-forum.de\/top-forum-wp\/wp-json\/wp\/v2\/pages\/20\/revisions"}],"predecessor-version":[{"id":1168,"href":"https:\/\/top-forum.de\/top-forum-wp\/wp-json\/wp\/v2\/pages\/20\/revisions\/1168"}],"wp:attachment":[{"href":"https:\/\/top-forum.de\/top-forum-wp\/wp-json\/wp\/v2\/media?parent=20"}],"curies":[{"name":"wp","href":"https:\/\/api.w.org\/{rel}","templated":true}]}}