{"id":919,"date":"2021-05-04T10:07:43","date_gmt":"2021-05-04T08:07:43","guid":{"rendered":"http:\/\/top-forum.de\/top-forum-wp\/?page_id=919"},"modified":"2021-07-07T11:15:44","modified_gmt":"2021-07-07T09:15:44","slug":"erfolgsfaktor-fuehrung","status":"publish","type":"page","link":"https:\/\/top-forum.de\/top-forum-wp\/erfolgsfaktor-fuehrung\/","title":{"rendered":"Erfolgsfaktor &#8222;F\u00fchrung&#8220;"},"content":{"rendered":"<p>[et_pb_section fb_built=&#8220;1&#8243; fullwidth=&#8220;on&#8220; _builder_version=&#8220;4.8.1&#8243; _module_preset=&#8220;default&#8220;][et_pb_fullwidth_header _builder_version=&#8220;4.9.4&#8243; _module_preset=&#8220;default&#8220; content_font=&#8220;Poppins|600||on|||||&#8220; content_text_align=&#8220;left&#8220; content_text_color=&#8220;#213766&#8243; content_font_size=&#8220;20px&#8220; content_line_height=&#8220;1.6em&#8220; content_quote_border_color=&#8220;#213766&#8243; background_image=&#8220;https:\/\/top-forum.de\/top-forum-wp\/wp-content\/uploads\/2021\/05\/leuchtturm-fuehrung.jpg&#8220; parallax=&#8220;on&#8220;]<\/p>\n<blockquote>\n<p>\u201eNiemals war F\u00fchrung anspruchsvoller,<br \/>differenzierter und herausfordernder als<br \/>heute.\u201c<\/p>\n<\/blockquote>\n<p>[\/et_pb_fullwidth_header][\/et_pb_section][et_pb_section fb_built=&#8220;1&#8243; _builder_version=&#8220;4.9.1&#8243; _module_preset=&#8220;default&#8220; background_color=&#8220;RGBA(0,0,0,0)&#8220;][et_pb_row _builder_version=&#8220;4.9.4&#8243; _module_preset=&#8220;default&#8220;][et_pb_column type=&#8220;4_4&#8243; _builder_version=&#8220;4.9.4&#8243; _module_preset=&#8220;default&#8220;][et_pb_text _builder_version=&#8220;4.9.4&#8243; _module_preset=&#8220;default&#8220; text_font=&#8220;Poppins|700||on|||||&#8220; text_text_color=&#8220;#E30613&#8243; text_font_size=&#8220;20px&#8220; background_color=&#8220;RGBA(0,0,0,0)&#8220; background_enable_image=&#8220;off&#8220; background_size=&#8220;initial&#8220; background_position=&#8220;top_left&#8220; custom_padding=&#8220;0px||0px|7px|true|false&#8220; border_color_all=&#8220;RGBA(0,0,0,0)&#8220; border_color_bottom=&#8220;#898989&#8243; border_width_left=&#8220;25px&#8220; border_color_left=&#8220;#E30613&#8243;]<\/p>\n<p>Bedeutung des Erfolgsfaktors \u201eF\u00fchrung\u201c<\/p>\n<p>[\/et_pb_text][\/et_pb_column][\/et_pb_row][et_pb_row column_structure=&#8220;1_2,1_2&#8243; make_equal=&#8220;on&#8220; _builder_version=&#8220;4.9.4&#8243; _module_preset=&#8220;default&#8220;][et_pb_column type=&#8220;1_2&#8243; _builder_version=&#8220;4.9.4&#8243; _module_preset=&#8220;default&#8220; background_color=&#8220;RGBA(0,0,0,0)&#8220; custom_padding=&#8220;0px|0px|0px|0px|true|true&#8220; border_radii=&#8220;on|3px|3px|3px|3px&#8220;][et_pb_text _builder_version=&#8220;4.9.4&#8243; _module_preset=&#8220;default&#8220; text_font=&#8220;||||||||&#8220; text_text_color=&#8220;#777777&#8243; hover_enabled=&#8220;0&#8243; sticky_enabled=&#8220;0&#8243;]<\/p>\n<p>F\u00fchrung ist im Umbruch, wer wollte das leugnen. Die F\u00fchrung geh\u00f6rt angesichts des (digitalen) Wandels\u00a0zum wichtigsten Erfolgsfaktor eines Unternehmens. Die Bedeutung kann heute gar nicht hoch genug\u00a0eingesch\u00e4tzt werden. Die klassischen Verfahren, wie z. B. reine F\u00fchrungskr\u00e4fte-Entwicklungs-Programme\u00a0reichen nicht mehr aus, um die <strong>F\u00fchrungs-Qualit\u00e4t<\/strong>\u00a0eines marktorientierten Unternehmens systematisch zu steigern und an die\u00a0ver\u00e4nderten Hersusforderungen anzupassen.<\/p>\n<p><span style=\"font-size: 14px;\">Wir gehen hier einen anderen, <strong>systemischen Weg<\/strong>, der strategisch wie operativ <strong>wirksam<\/strong> ist.\u00a0Denn wer seine F\u00fchrung (weiter-) entwickeln und f\u00fcr die zuk\u00fcnftigen Herausforderungen fit machen\u00a0<\/span>m\u00f6chte, kommt nicht umhin, die drei Faktoren <strong>\u201eF\u00fchrungs-SYSTEM, -KR\u00c4FTE<\/strong> und &#8211;<strong>KULTUR<\/strong> in den\u00a0Fokus aller Anstrengungen zu nehmen und zu optimieren, und zwar <strong>einzeln wie als Ganzes<\/strong>.<\/p>\n<p>[\/et_pb_text][et_pb_text quote_border_color=&#8220;#E30613&#8243; _builder_version=&#8220;4.9.4&#8243; _module_preset=&#8220;default&#8220; text_font=&#8220;Poppins|600||on|||||&#8220; text_text_color=&#8220;#E30613&#8243; text_font_size=&#8220;20px&#8220; text_line_height=&#8220;1.6em&#8220; background_color=&#8220;RGBA(0,0,0,0)&#8220; custom_margin=&#8220;||||false|false&#8220; custom_padding=&#8220;15px|15px|15px|15px|true|true&#8220; hover_enabled=&#8220;0&#8243; border_radii=&#8220;on|3px|3px|3px|3px&#8220; sticky_enabled=&#8220;0&#8243;]<\/p>\n<blockquote>\n<p style=\"text-align: left;\">\u201eF\u00dcHRUNG BEWUSST GESTALTEN \u2013 SYSTEMISCH, NACHHALTIG UND DAMIT ERFOLGSWIRKSAM. WIR MACHEN IHR UNTERNEHMEN AGILER, MENSCHLICHER UND ERFOLGREICHER UND DIES \u00dcBER ZWEI EBENEN: 1. DER INDIVIDUAL- UND 2. DER ORGANISATIONS-EBENE. \u201c<\/p>\n<\/blockquote>\n<p>[\/et_pb_text][\/et_pb_column][et_pb_column type=&#8220;1_2&#8243; _builder_version=&#8220;4.9.4&#8243; _module_preset=&#8220;default&#8220; background_color=&#8220;RGBA(0,0,0,0)&#8220; custom_padding=&#8220;0px|0px|0px|0px|true|true&#8220; animation_style=&#8220;slide&#8220; animation_direction=&#8220;right&#8220; border_radii=&#8220;on|3px|3px|3px|3px&#8220;][et_pb_image src=&#8220;https:\/\/top-forum.de\/top-forum-wp\/wp-content\/uploads\/2021\/06\/FQ-M-ganzheitlich.png&#8220; alt=&#8220;FQ-M-ganzheitlich&#8220; title_text=&#8220;FQ-M-ganzheitlich&#8220; show_in_lightbox=&#8220;on&#8220; _builder_version=&#8220;4.9.4&#8243; _module_preset=&#8220;default&#8220;][\/et_pb_image][\/et_pb_column][\/et_pb_row][et_pb_row _builder_version=&#8220;4.9.4&#8243; _module_preset=&#8220;default&#8220;][et_pb_column type=&#8220;4_4&#8243; _builder_version=&#8220;4.9.4&#8243; _module_preset=&#8220;default&#8220;][et_pb_text _builder_version=&#8220;4.9.4&#8243; _module_preset=&#8220;default&#8220; text_text_color=&#8220;#777777&#8243;]<\/p>\n<p>Genau das macht unser Ansatz nach <strong>FQ-M<\/strong>, <strong>er setzt an drei Ebenen an<\/strong> \u2026<\/p>\n<p>[\/et_pb_text][\/et_pb_column][\/et_pb_row][et_pb_row column_structure=&#8220;1_2,1_2&#8243; _builder_version=&#8220;4.9.4&#8243; _module_preset=&#8220;default&#8220;][et_pb_column type=&#8220;1_2&#8243; _builder_version=&#8220;4.9.4&#8243; _module_preset=&#8220;default&#8220;][et_pb_text module_class=&#8220;listerot&#8220; _builder_version=&#8220;4.9.4&#8243; _module_preset=&#8220;default&#8220;]<\/p>\n<ol>\n<li>der F\u00f6rderung der <strong>individuellen<\/strong> F\u00fchrungs-Qualit\u00e4t (<strong>F\u00fchrungs-Kr\u00e4fte<\/strong>)<\/li>\n<li>der Gestaltung und Optimierung der Rahmenbedingungen von individueller F\u00fchrung,\u00a0des <strong>F\u00fchrungs- und Management Systems<\/strong> sowie<\/li>\n<li>der gelebten F\u00fchrung, der <strong>F\u00fchrungs-Kultur<\/strong><\/li>\n<\/ol>\n<p>[\/et_pb_text][\/et_pb_column][et_pb_column type=&#8220;1_2&#8243; _builder_version=&#8220;4.9.4&#8243; _module_preset=&#8220;default&#8220; animation_style=&#8220;slide&#8220; animation_direction=&#8220;right&#8220;][et_pb_text quote_border_color=&#8220;#E30613&#8243; _builder_version=&#8220;4.9.4&#8243; _module_preset=&#8220;default&#8220; text_font=&#8220;Poppins|600||on|||||&#8220; text_text_color=&#8220;#E30613&#8243; text_font_size=&#8220;20px&#8220; text_line_height=&#8220;1.6em&#8220; background_color=&#8220;RGBA(0,0,0,0)&#8220; custom_margin=&#8220;||||false|false&#8220; custom_padding=&#8220;|15px||15px|true|true&#8220; hover_enabled=&#8220;0&#8243; border_radii=&#8220;on|3px|3px|3px|3px&#8220; sticky_enabled=&#8220;0&#8243;]<\/p>\n<blockquote>\n<p>\u201eDenn F\u00fchrungs-ERFOLG ist in den wenigsten F\u00e4llen kausal, sondern meistens systemisch verursacht. Isolierte Ma\u00dfnahmen BLEIBEN DESHALB H\u00c4UFIG OHNE DIE GEW\u00dcNSCHTE WIRKUNG UND SIND DAHER UNWIRTSCHAFTLICH.\u201c<\/p>\n<\/blockquote>\n<p>[\/et_pb_text][\/et_pb_column][\/et_pb_row][et_pb_row _builder_version=&#8220;4.9.4&#8243; _module_preset=&#8220;default&#8220;][et_pb_column type=&#8220;4_4&#8243; _builder_version=&#8220;4.9.4&#8243; _module_preset=&#8220;default&#8220;][et_pb_text _builder_version=&#8220;4.9.4&#8243; _module_preset=&#8220;default&#8220; text_font=&#8220;Poppins|700||on|||||&#8220; text_text_color=&#8220;#E30613&#8243; text_font_size=&#8220;20px&#8220; background_color=&#8220;RGBA(0,0,0,0)&#8220; background_enable_image=&#8220;off&#8220; background_size=&#8220;initial&#8220; background_position=&#8220;top_left&#8220; custom_padding=&#8220;0px||0px|7px|true|false&#8220; border_color_all=&#8220;RGBA(0,0,0,0)&#8220; border_color_bottom=&#8220;#898989&#8243; border_width_left=&#8220;25px&#8220; border_color_left=&#8220;#E30613&#8243;]F-QM Grundlagen  \u2013 unser Grundverst\u00e4ndnis und Entwicklungsansatz[\/et_pb_text][\/et_pb_column][\/et_pb_row][et_pb_row column_structure=&#8220;1_2,1_2&#8243; _builder_version=&#8220;4.9.4&#8243; _module_preset=&#8220;default&#8220;][et_pb_column type=&#8220;1_2&#8243; _builder_version=&#8220;4.9.4&#8243; _module_preset=&#8220;default&#8220;][et_pb_text _builder_version=&#8220;4.9.4&#8243; _module_preset=&#8220;default&#8220; text_text_color=&#8220;#777777&#8243;]<\/p>\n<p>Nachhaltiges Management ist \u2013 wert- und wertorientiert, daraus leitet sich ab: <strong>Nachhaltige F\u00fchrung<\/strong> muss <strong>ERFOLGSwirksam<\/strong> und <strong>GESUND<\/strong> f\u00fcr die Menschen sein.<\/p>\n<p>[\/et_pb_text][\/et_pb_column][et_pb_column type=&#8220;1_2&#8243; _builder_version=&#8220;4.9.4&#8243; _module_preset=&#8220;default&#8220;][\/et_pb_column][\/et_pb_row][et_pb_row column_structure=&#8220;1_2,1_2&#8243; _builder_version=&#8220;4.9.4&#8243; _module_preset=&#8220;default&#8220; custom_margin=&#8220;||0px||false|false&#8220; custom_padding=&#8220;||0px||false|false&#8220;][et_pb_column type=&#8220;1_2&#8243; _builder_version=&#8220;4.9.4&#8243; _module_preset=&#8220;default&#8220;][et_pb_text ol_type=&#8220;upper-roman&#8220; ol_item_indent=&#8220;15px&#8220; _builder_version=&#8220;4.9.4&#8243; _module_preset=&#8220;default&#8220; custom_margin=&#8220;|||15px|false|false&#8220;]<strong>I. Nachhaltige F\u00fchrung hei\u00dft:<\/strong>[\/et_pb_text][et_pb_text module_class=&#8220;listerot&#8220; _builder_version=&#8220;4.9.4&#8243; _module_preset=&#8220;default&#8220; custom_margin=&#8220;||0px||false|false&#8220; custom_padding=&#8220;||||false|false&#8220;]<\/p>\n<ol>\n<li>Wert-orientierte (Unternehmens-) F\u00fchrung und<\/li>\n<li>Werte-orientierte (Unternehmens-) F\u00fchrung<\/li>\n<\/ol>\n<p>[\/et_pb_text][\/et_pb_column][et_pb_column type=&#8220;1_2&#8243; _builder_version=&#8220;4.9.4&#8243; _module_preset=&#8220;default&#8220; animation_style=&#8220;slide&#8220; animation_direction=&#8220;right&#8220;][\/et_pb_column][\/et_pb_row][et_pb_row column_structure=&#8220;1_2,1_2&#8243; _builder_version=&#8220;4.9.4&#8243; _module_preset=&#8220;default&#8220;][et_pb_column type=&#8220;1_2&#8243; _builder_version=&#8220;4.9.4&#8243; _module_preset=&#8220;default&#8220;][et_pb_text ol_type=&#8220;upper-roman&#8220; ol_item_indent=&#8220;15px&#8220; _builder_version=&#8220;4.9.4&#8243; _module_preset=&#8220;default&#8220; custom_margin=&#8220;|||15px|false|false&#8220;]<strong>II. ERFOLGSWIRKSAM hei\u00dft f\u00fcnf F\u00fchrungs-Rollen wahrnehmen:<\/strong>[\/et_pb_text][et_pb_text module_class=&#8220;listerot&#8220; _builder_version=&#8220;4.9.4&#8243; _module_preset=&#8220;default&#8220; custom_margin=&#8220;||0px||false|false&#8220;]<\/p>\n<ol>\n<li>Rolle des (Werte-) <strong>Vorbildes<\/strong> -&gt; Den Menschen eine WIRK-Orientierung geben<\/li>\n<li>Rolle des <strong>Unternehmers\/Managers<\/strong> -&gt; \u00dcber Sach-\/Aufgaben-Ziele Ergebnisse beWIRKEN<\/li>\n<li>Rolle des <strong>Coaches<\/strong> -&gt; Mitarbeiter-Potentiale identifizieren, WIRKsam aktivieren, bef\u00e4higen und f\u00f6rdern<\/li>\n<li>Rolle des <strong>Team-Entwicklers<\/strong> -&gt; Teams moderieren und in ihrer WIRKsamkeit entfalten<\/li>\n<li>Rolle des <strong>Change Managers<\/strong> -&gt; Ver\u00e4nderungen beWIRKEN und ERFOLGreich umsetzen<\/li>\n<\/ol>\n<p>[\/et_pb_text][et_pb_text ol_type=&#8220;upper-roman&#8220; ol_item_indent=&#8220;15px&#8220; _builder_version=&#8220;4.9.4&#8243; _module_preset=&#8220;default&#8220; custom_margin=&#8220;|||15px|false|false&#8220;]<\/p>\n<p><strong>ERFOLGSWIRSAME F\u00fchrung nach dem F-QM Ansatz hei\u00dft\u00a0auf zwei Ebenen entwickeln:<\/strong><br \/>I. Organisations-\/System-Ebene und <br \/>II. Individual-Ebene<\/p>\n<p>[\/et_pb_text][et_pb_text ol_type=&#8220;upper-roman&#8220; ol_item_indent=&#8220;15px&#8220; _builder_version=&#8220;4.9.4&#8243; _module_preset=&#8220;default&#8220; custom_margin=&#8220;|||15px|false|false&#8220;]<strong>III. GESUND hei\u00dft:<\/strong>[\/et_pb_text][et_pb_text module_class=&#8220;listerot&#8220; _builder_version=&#8220;4.9.4&#8243; _module_preset=&#8220;default&#8220; custom_margin=&#8220;||||false|false&#8220; custom_padding=&#8220;||||false|false&#8220;]<\/p>\n<ol>\n<li>F\u00fchrungskraft selbst (Selbst-F\u00fchrung -&gt; Mentale St\u00e4rke und Resilienz)<\/li>\n<li>Mitarbeiter sind und bleiben gesund im Sinne der WHO (ganzheitlicher Gesundheits-Begriff)<\/li>\n<\/ol>\n<p>[\/et_pb_text][\/et_pb_column][et_pb_column type=&#8220;1_2&#8243; _builder_version=&#8220;4.9.4&#8243; _module_preset=&#8220;default&#8220; animation_style=&#8220;slide&#8220; animation_direction=&#8220;right&#8220;][et_pb_image src=&#8220;https:\/\/top-forum.de\/top-forum-wp\/wp-content\/uploads\/2021\/06\/FQ-M-individuell.png&#8220; alt=&#8220;FQ-M-individuell&#8220; title_text=&#8220;FQ-M-individuell&#8220; show_in_lightbox=&#8220;on&#8220; _builder_version=&#8220;4.9.4&#8243; _module_preset=&#8220;default&#8220;][\/et_pb_image][et_pb_text quote_border_color=&#8220;#E30613&#8243; _builder_version=&#8220;4.9.4&#8243; _module_preset=&#8220;default&#8220; text_font=&#8220;Poppins|600||on|||||&#8220; text_text_color=&#8220;#E30613&#8243; text_font_size=&#8220;20px&#8220; text_line_height=&#8220;1.6em&#8220; background_color=&#8220;RGBA(0,0,0,0)&#8220; custom_margin=&#8220;17%||||false|false&#8220; custom_padding=&#8220;|15px||15px|true|true&#8220; hover_enabled=&#8220;0&#8243; border_radii=&#8220;on|3px|3px|3px|3px&#8220; sticky_enabled=&#8220;0&#8243;]<\/p>\n<blockquote>\n<p>\u201eWir machen Ihre F\u00fchrung nachhaltiger &#8211; wirksamer und f\u00fcr alle Beteiligten wie Betroffenen ges\u00fcnder, DENN MENSCHLICHKEIT IN SEINEN VIELF\u00c4LTIGEN FACETTEN TR\u00c4GT HEUTE GANZ WESENTLICH ZU EINER ERH\u00d6HUNG DES ROI BEI. WIRTSCHAFTLICHEN ERFOLG DURCH ETHIKORIENTIERUNG STELLT HEUTE DEN K\u00d6NIGSWEG F\u00dcR NACHHALTIGEN ERFOLG DAR.\u201c<\/p>\n<\/blockquote>\n<p>[\/et_pb_text][\/et_pb_column][\/et_pb_row][et_pb_row column_structure=&#8220;1_2,1_2&#8243; _builder_version=&#8220;4.9.4&#8243; _module_preset=&#8220;default&#8220; custom_margin=&#8220;||||false|false&#8220; custom_padding=&#8220;0px||||false|false&#8220;][et_pb_column type=&#8220;1_2&#8243; _builder_version=&#8220;4.9.4&#8243; _module_preset=&#8220;default&#8220;][et_pb_text _builder_version=&#8220;4.9.4&#8243; _module_preset=&#8220;default&#8220; text_text_color=&#8220;#777777&#8243;]<\/p>\n<p>Auf diesen drei Verst\u00e4ndnis-Bausteinen \u2013 <strong>Nachhaltigkeit \u2013 Erfolgswirksam und Gesund<\/strong> &#8211; baut sich unser Leistungs-Portfolio nach F-QM auf, der sich in der harten F\u00fchrungs-Praxis sehr gut bew\u00e4hrt hat.<\/p>\n<p>[\/et_pb_text][\/et_pb_column][et_pb_column type=&#8220;1_2&#8243; _builder_version=&#8220;4.9.4&#8243; _module_preset=&#8220;default&#8220;][\/et_pb_column][\/et_pb_row][\/et_pb_section]<\/p>\n","protected":false},"excerpt":{"rendered":"<p>\u201eNiemals war F\u00fchrung anspruchsvoller,differenzierter und herausfordernder alsheute.\u201c Bedeutung des Erfolgsfaktors \u201eF\u00fchrung\u201cF\u00fchrung ist im Umbruch, wer wollte das leugnen. Die F\u00fchrung geh\u00f6rt angesichts des (digitalen) Wandels\u00a0zum wichtigsten Erfolgsfaktor eines Unternehmens. Die Bedeutung kann heute gar nicht hoch genug\u00a0eingesch\u00e4tzt werden. Die klassischen Verfahren, wie z. B. reine F\u00fchrungskr\u00e4fte-Entwicklungs-Programme\u00a0reichen nicht mehr aus, um die F\u00fchrungs-Qualit\u00e4t\u00a0eines marktorientierten Unternehmens systematisch [&hellip;]<\/p>\n","protected":false},"author":1,"featured_media":0,"parent":0,"menu_order":0,"comment_status":"closed","ping_status":"closed","template":"","meta":{"_et_pb_use_builder":"on","_et_pb_old_content":"","_et_gb_content_width":""},"_links":{"self":[{"href":"https:\/\/top-forum.de\/top-forum-wp\/wp-json\/wp\/v2\/pages\/919"}],"collection":[{"href":"https:\/\/top-forum.de\/top-forum-wp\/wp-json\/wp\/v2\/pages"}],"about":[{"href":"https:\/\/top-forum.de\/top-forum-wp\/wp-json\/wp\/v2\/types\/page"}],"author":[{"embeddable":true,"href":"https:\/\/top-forum.de\/top-forum-wp\/wp-json\/wp\/v2\/users\/1"}],"replies":[{"embeddable":true,"href":"https:\/\/top-forum.de\/top-forum-wp\/wp-json\/wp\/v2\/comments?post=919"}],"version-history":[{"count":27,"href":"https:\/\/top-forum.de\/top-forum-wp\/wp-json\/wp\/v2\/pages\/919\/revisions"}],"predecessor-version":[{"id":1174,"href":"https:\/\/top-forum.de\/top-forum-wp\/wp-json\/wp\/v2\/pages\/919\/revisions\/1174"}],"wp:attachment":[{"href":"https:\/\/top-forum.de\/top-forum-wp\/wp-json\/wp\/v2\/media?parent=919"}],"curies":[{"name":"wp","href":"https:\/\/api.w.org\/{rel}","templated":true}]}}