{"id":990,"date":"2021-05-07T08:42:40","date_gmt":"2021-05-07T06:42:40","guid":{"rendered":"http:\/\/top-forum.de\/top-forum-wp\/?page_id=990"},"modified":"2021-09-16T08:12:38","modified_gmt":"2021-09-16T06:12:38","slug":"team","status":"publish","type":"page","link":"https:\/\/top-forum.de\/top-forum-wp\/team\/","title":{"rendered":"Team"},"content":{"rendered":"<p>[et_pb_section fb_built=&#8220;1&#8243; fullwidth=&#8220;on&#8220; _builder_version=&#8220;4.8.1&#8243; _module_preset=&#8220;default&#8220; global_colors_info=&#8220;{}&#8220;][et_pb_fullwidth_header _builder_version=&#8220;4.9.4&#8243; _module_preset=&#8220;default&#8220; content_font=&#8220;Poppins|600||on|||||&#8220; content_text_align=&#8220;left&#8220; content_text_color=&#8220;#213766&#8243; content_font_size=&#8220;20px&#8220; content_line_height=&#8220;1.6em&#8220; content_quote_border_color=&#8220;#213766&#8243; background_image=&#8220;https:\/\/top-forum.de\/top-forum-wp\/wp-content\/uploads\/2021\/05\/leuchtturm-fuehrung.jpg&#8220; parallax=&#8220;on&#8220; global_colors_info=&#8220;{}&#8220;]<\/p>\n<blockquote>\n<p>\u201e Ein einheitlicher F\u00fchrungsstil ist ebenso \u00fcberholt wie F\u00fchrung nur von \u201eoben\u201c<br \/>gesehen werden darf\u201c \u2013 F\u00fchrung stellt heute mehr denn je darauf ab, alle menschlichen<br \/>Potentiale im Hause anzusprechen und im Sinne der unternehmerischen Ziele zu aktivieren.\u201c<\/p>\n<\/blockquote>\n<p>[\/et_pb_fullwidth_header][\/et_pb_section][et_pb_section fb_built=&#8220;1&#8243; _builder_version=&#8220;4.9.1&#8243; _module_preset=&#8220;default&#8220; background_color=&#8220;RGBA(0,0,0,0)&#8220; global_colors_info=&#8220;{}&#8220;][et_pb_row _builder_version=&#8220;4.9.4&#8243; _module_preset=&#8220;default&#8220; global_colors_info=&#8220;{}&#8220;][et_pb_column type=&#8220;4_4&#8243; _builder_version=&#8220;4.9.4&#8243; _module_preset=&#8220;default&#8220; global_colors_info=&#8220;{}&#8220;][et_pb_text _builder_version=&#8220;4.9.4&#8243; _module_preset=&#8220;default&#8220; text_font=&#8220;Poppins|700||on|||||&#8220; text_text_color=&#8220;#E30613&#8243; text_font_size=&#8220;20px&#8220; background_color=&#8220;RGBA(0,0,0,0)&#8220; background_enable_image=&#8220;off&#8220; background_size=&#8220;initial&#8220; background_position=&#8220;top_left&#8220; custom_padding=&#8220;0px||0px|7px|true|false&#8220; border_color_all=&#8220;RGBA(0,0,0,0)&#8220; border_color_bottom=&#8220;#898989&#8243; border_width_left=&#8220;25px&#8220; border_color_left=&#8220;#E30613&#8243; global_colors_info=&#8220;{}&#8220;]Unser ERFOLGS-Team &#8211; geballte ERFOLGS-Kompetenz[\/et_pb_text][\/et_pb_column][\/et_pb_row][et_pb_row column_structure=&#8220;1_2,1_2&#8243; make_equal=&#8220;on&#8220; _builder_version=&#8220;4.9.4&#8243; _module_preset=&#8220;default&#8220; global_colors_info=&#8220;{}&#8220;][et_pb_column type=&#8220;1_2&#8243; _builder_version=&#8220;4.9.4&#8243; _module_preset=&#8220;default&#8220; background_color=&#8220;RGBA(0,0,0,0)&#8220; custom_padding=&#8220;0px|0px|0px|0px|true|true&#8220; border_radii=&#8220;on|3px|3px|3px|3px&#8220; global_colors_info=&#8220;{}&#8220;][et_pb_text _builder_version=&#8220;4.9.4&#8243; _module_preset=&#8220;default&#8220; text_font=&#8220;||||||||&#8220; text_text_color=&#8220;#777777&#8243; global_colors_info=&#8220;{}&#8220;]<\/p>\n<p>Wir sind der Meinung, dass komplexe Unternehmens-Themen h\u00e4ufig nur durch interdisziplin\u00e4re Zusammenarbeit erfolgreich bearbeitet werden k\u00f6nnen. Das gilt nat\u00fcrlich auch f\u00fcr unsere Arbeit. Deshalb arbeiten wir auch nur mit Menschen zusammen, die nicht nur die gleichen Werte mit uns teilen, sondern auch f\u00fcr h\u00f6chste Qualit\u00e4t und Kundenorientierung stehen.\n<\/p>\n<p>[\/et_pb_text][\/et_pb_column][et_pb_column type=&#8220;1_2&#8243; _builder_version=&#8220;4.9.4&#8243; _module_preset=&#8220;default&#8220; background_color=&#8220;RGBA(0,0,0,0)&#8220; custom_padding=&#8220;0px|0px|0px|0px|true|true&#8220; animation_style=&#8220;slide&#8220; animation_direction=&#8220;right&#8220; border_radii=&#8220;on|3px|3px|3px|3px&#8220; global_colors_info=&#8220;{}&#8220;][et_pb_text quote_border_color=&#8220;#E30613&#8243; _builder_version=&#8220;4.9.4&#8243; _module_preset=&#8220;default&#8220; text_font=&#8220;Poppins|600||on|||||&#8220; text_text_color=&#8220;#E30613&#8243; text_font_size=&#8220;20px&#8220; text_line_height=&#8220;1.6em&#8220; background_color=&#8220;RGBA(0,0,0,0)&#8220; custom_margin=&#8220;||||false|false&#8220; custom_padding=&#8220;15px|15px|15px|15px|true|true&#8220; border_radii=&#8220;on|3px|3px|3px|3px&#8220; global_colors_info=&#8220;{}&#8220;]<\/p>\n<blockquote>\n<p style=\"text-align: left;\">\u201eNachhaltige F\u00fchrung ist eine interdisziplin\u00e4re Aufgabe.\u201c<\/p>\n<\/blockquote>\n<p>[\/et_pb_text][\/et_pb_column][\/et_pb_row][et_pb_row _builder_version=&#8220;4.9.4&#8243; _module_preset=&#8220;default&#8220; global_colors_info=&#8220;{}&#8220;][et_pb_column type=&#8220;4_4&#8243; _builder_version=&#8220;4.9.4&#8243; _module_preset=&#8220;default&#8220; global_colors_info=&#8220;{}&#8220;][et_pb_text _builder_version=&#8220;4.9.4&#8243; _module_preset=&#8220;default&#8220; text_font=&#8220;Poppins|700||on|||||&#8220; text_text_color=&#8220;#E30613&#8243; text_font_size=&#8220;20px&#8220; background_color=&#8220;RGBA(0,0,0,0)&#8220; background_enable_image=&#8220;off&#8220; background_size=&#8220;initial&#8220; background_position=&#8220;top_left&#8220; custom_padding=&#8220;0px||0px|7px|true|false&#8220; border_color_all=&#8220;RGBA(0,0,0,0)&#8220; border_color_bottom=&#8220;#898989&#8243; border_width_left=&#8220;25px&#8220; border_color_left=&#8220;#E30613&#8243; global_colors_info=&#8220;{}&#8220;]Zu unserem ERFOLGS-Team geh\u00f6ren:[\/et_pb_text][\/et_pb_column][\/et_pb_row][et_pb_row column_structure=&#8220;1_2,1_2&#8243; _builder_version=&#8220;4.9.4&#8243; _module_preset=&#8220;default&#8220; global_colors_info=&#8220;{}&#8220;][et_pb_column type=&#8220;1_2&#8243; _builder_version=&#8220;4.9.4&#8243; _module_preset=&#8220;default&#8220; global_colors_info=&#8220;{}&#8220;][et_pb_text _builder_version=&#8220;4.9.4&#8243; _module_preset=&#8220;default&#8220; text_text_color=&#8220;#777777&#8243; global_colors_info=&#8220;{}&#8220;]<\/p>\n<p>Nachhaltiges Management ist \u2013 wert- und wertorientiert, daraus leitet sich ab: <strong>Nachhaltige F\u00fchrung<\/strong> muss <strong>ERFOLGSwirksam<\/strong> und <strong>GESUND<\/strong> f\u00fcr die Menschen sein.<\/p>\n<p>[\/et_pb_text][\/et_pb_column][et_pb_column type=&#8220;1_2&#8243; _builder_version=&#8220;4.9.4&#8243; _module_preset=&#8220;default&#8220; global_colors_info=&#8220;{}&#8220;][\/et_pb_column][\/et_pb_row][et_pb_row column_structure=&#8220;1_4,3_4&#8243; _builder_version=&#8220;4.9.4&#8243; _module_preset=&#8220;default&#8220; global_colors_info=&#8220;{}&#8220;][et_pb_column type=&#8220;1_4&#8243; _builder_version=&#8220;4.9.4&#8243; _module_preset=&#8220;default&#8220; global_colors_info=&#8220;{}&#8220;][et_pb_image src=&#8220;https:\/\/top-forum.de\/top-forum-wp\/wp-content\/uploads\/2021\/06\/dr-ralf-besser.jpg&#8220; alt=&#8220;dr-ralf-besser&#8220; title_text=&#8220;dr-ralf-besser&#8220; _builder_version=&#8220;4.9.4&#8243; _module_preset=&#8220;default&#8220; width=&#8220;200px&#8220; height=&#8220;200px&#8220; border_radii=&#8220;on|50%|50%|50%|50%&#8220; global_colors_info=&#8220;{}&#8220;][\/et_pb_image][\/et_pb_column][et_pb_column type=&#8220;3_4&#8243; _builder_version=&#8220;4.9.4&#8243; _module_preset=&#8220;default&#8220; global_colors_info=&#8220;{}&#8220;][et_pb_text _builder_version=&#8220;4.9.4&#8243; _module_preset=&#8220;default&#8220; text_font=&#8220;Poppins|700|||||||&#8220; text_font_size=&#8220;18px&#8220; global_colors_info=&#8220;{}&#8220;]<\/p>\n<p>Dipl.-Ing. Ralf Besser<\/p>\n<p>[\/et_pb_text][et_pb_text _builder_version=&#8220;4.9.4&#8243; _module_preset=&#8220;default&#8220; global_colors_info=&#8220;{}&#8220;]<\/p>\n<p>Dipl.-Ing. Ralf Besser, Prozessbegleiter in Unternehmen, Innovator von Reflexionstools, Gr\u00fcnder einer Wertestiftung in Bremen, Gesch\u00e4ftsf\u00fchrer der &#8218;besser wie gut GmbH&#8216; und Pr\u00e4sident des &#8218;Forums Werteorientierung in der Weiterbildung e.V.&#8216;. Vereinbarungen zum Thema gesundes F\u00fchren herauszuarbeiten ist das eine. Menschen dazu ihren individuellen Zugang zu erm\u00f6glichen, daf\u00fcr auch wirklich Verantwortung zu \u00fcbernehmen etwas anderes. Die Gestaltung und Implementierung von solchen motivierenden (F\u00fchrungs-) Prozessen ist eine wesentliche Kernkompetenz von Herrn Besser. Sein Motto, sein roter Faden f\u00fcr seine Methoden und seine Vorgehensmodelle ist die Reflexion und Entwicklung der Selbstwirksamkeit. Hier verf\u00fcgt Ralf Besser \u00fcber eine Expertise, die ihn in der Weiterbildung so einzigartig macht.<\/p>\n<p>[\/et_pb_text][\/et_pb_column][\/et_pb_row][et_pb_row column_structure=&#8220;1_4,3_4&#8243; _builder_version=&#8220;4.9.4&#8243; _module_preset=&#8220;default&#8220; global_colors_info=&#8220;{}&#8220;][et_pb_column type=&#8220;1_4&#8243; _builder_version=&#8220;4.9.4&#8243; _module_preset=&#8220;default&#8220; global_colors_info=&#8220;{}&#8220;][et_pb_image src=&#8220;https:\/\/top-forum.de\/top-forum-wp\/wp-content\/uploads\/2021\/06\/miriam-fritsch-kuempel.jpg&#8220; alt=&#8220;miriam-fritsch-kuempel&#8220; title_text=&#8220;miriam-fritsch-kuempel&#8220; _builder_version=&#8220;4.9.4&#8243; _module_preset=&#8220;default&#8220; width=&#8220;200px&#8220; height=&#8220;200px&#8220; border_radii=&#8220;on|50%|50%|50%|50%&#8220; global_colors_info=&#8220;{}&#8220;][\/et_pb_image][\/et_pb_column][et_pb_column type=&#8220;3_4&#8243; _builder_version=&#8220;4.9.4&#8243; _module_preset=&#8220;default&#8220; global_colors_info=&#8220;{}&#8220;][et_pb_text _builder_version=&#8220;4.9.4&#8243; _module_preset=&#8220;default&#8220; text_font=&#8220;Poppins|700|||||||&#8220; text_font_size=&#8220;18px&#8220; global_colors_info=&#8220;{}&#8220;]<\/p>\n<p>Dr. Miriam Fritsch K\u00fcmpel<\/p>\n<p>[\/et_pb_text][et_pb_text _builder_version=&#8220;4.9.4&#8243; _module_preset=&#8220;default&#8220; global_colors_info=&#8220;{}&#8220;]<\/p>\n<p>Dr. Miriam Fritsch-K\u00fcmpel ist Diplom-Psychologin und als Business-Coach und Trainerin f\u00fcr Gesundheitsf\u00f6rderung und Kompetenzentwicklung t\u00e4tig. Frau Dr. Fritsch-K\u00fcmpel promovierte an der Universit\u00e4t Mainz im Fachbereich Medizin im Rahmen eines interdisziplin\u00e4ren Forschungsprojekt zum Thema Stressverarbeitung. In Ihrer Trainer- und Beratert\u00e4tigkeit engagiert sie sich mit Ihrem Team insbesondere in den Themenfeldern Resilienz, Gesunde F\u00fchrung und Leadership und bef\u00e4higt F\u00fchrungskr\u00e4fte, gesundheitsf\u00f6rderlich zu handeln und gesundheitsf\u00f6rderlich zu f\u00fchren. Frau Dr. Fritsch-K\u00fcmpel hat diesem Kontext 2018 im Campus-Verlag ein Sach- und Trainingsbuch mit dem Titel \u201eStress? Du entscheidest wie Du lebst\u201c ver\u00f6ffentlicht. Die Grundlage f\u00fcr Ihre erfolgreiche Beratungsarbeit sieht sie in der Gestaltung vertrauensvoller Beziehungen, im Einsatz wissenschaftlich fundierter Methoden sowie in der Gew\u00e4hrleistung des individuellen Transfers.<\/p>\n<p>[\/et_pb_text][\/et_pb_column][\/et_pb_row][et_pb_row column_structure=&#8220;1_4,3_4&#8243; _builder_version=&#8220;4.9.4&#8243; _module_preset=&#8220;default&#8220; global_colors_info=&#8220;{}&#8220;][et_pb_column type=&#8220;1_4&#8243; _builder_version=&#8220;4.9.4&#8243; _module_preset=&#8220;default&#8220; global_colors_info=&#8220;{}&#8220;][et_pb_image src=&#8220;https:\/\/top-forum.de\/top-forum-wp\/wp-content\/uploads\/2021\/07\/Dr-Axel-Goers.jpg&#8220; alt=&#8220;Dr-Axel-Goers&#8220; title_text=&#8220;Dr-Axel-Goers&#8220; _builder_version=&#8220;4.9.4&#8243; _module_preset=&#8220;default&#8220; width=&#8220;200px&#8220; height=&#8220;200px&#8220; border_radii=&#8220;on|50%|50%|50%|50%&#8220; global_colors_info=&#8220;{}&#8220;][\/et_pb_image][\/et_pb_column][et_pb_column type=&#8220;3_4&#8243; _builder_version=&#8220;4.9.4&#8243; _module_preset=&#8220;default&#8220; global_colors_info=&#8220;{}&#8220;][et_pb_text _builder_version=&#8220;4.9.4&#8243; _module_preset=&#8220;default&#8220; text_font=&#8220;Poppins|700|||||||&#8220; text_font_size=&#8220;18px&#8220; global_colors_info=&#8220;{}&#8220;]<\/p>\n<p>Dr. Axel G\u00f6rs<\/p>\n<p>[\/et_pb_text][et_pb_text _builder_version=&#8220;4.9.4&#8243; _module_preset=&#8220;default&#8220; global_colors_info=&#8220;{}&#8220;]<\/p>\n<p>Generation X, Y und Z brauchen jeweils eine unterschiedliche F\u00fchrungskultur, die trotzdem eine Klammer hat: F\u00fchrung 4.0. Das bedeutet: F\u00fchrungskr\u00e4fte m\u00fcssen proaktiv werden. F\u00fcr Agilit\u00e4t, verteiltes Lernen, home office, Nutzung kollektiven Wissens brauchen sie (digitale) Kompetenz. Es gilt, Dinge abzuschaffen, Neues st\u00e4ndig zu revitalisieren und das Unternehmen neu zu erfinden.<\/p>\n<p>F\u00fchrungskr\u00e4fte, selbst mit gr\u00f6\u00dferer Ungewissheit (z.B. Zeitgeist, Gesetzgebungen etc.) und Komplexit\u00e4t (Globalisierung und Vernetzung) konfrontiert, m\u00fcssen Zusammenh\u00e4nge verdeutlichen und Redundanzen zu verantworten lernen. Ich mache Sie als Leader und Unternehmensinhaber erfolgreicher, und Ihre Mitarbeiter werden mehr leisten; weil sie den Sinn in ihrer Arbeit erkennen, weil sie begeistert und beteiligt sind.<br \/>Dr. Axel G\u00f6rs ist als Trainer, Berater und Systemischer Coach seit 30 Jahren national und international t\u00e4tig. Sieben Dax-Werte lie\u00dfen sich bereits von ihm beraten. Dennoch sind die\u00a0KMU\u00b4s, Unternehmen mit \u00fcberschaubarer Gr\u00f6\u00dfe aus dem deutschen Mittelstand, seine Lieblingsdom\u00e4ne. Hier l\u00e4\u00dft sich Werteorientierung nachhaltig implementieren, die eine Sogwirkung nach innen und in die Peripherie entwickelt und damit externe Fach- und F\u00fchrungskr\u00e4fte anspricht, sich initiativ zu bewerben.<\/p>\n<p>Neben der Beratung ist Dr. G\u00f6rs in der Gesch\u00e4ftsleitung des viertgr\u00f6\u00dften Saunaherstellers Deutschlands (40 MA) in der unternehmerischen Verantwortung.<\/p>\n<p>[\/et_pb_text][\/et_pb_column][\/et_pb_row][et_pb_row column_structure=&#8220;1_4,3_4&#8243; _builder_version=&#8220;4.9.4&#8243; _module_preset=&#8220;default&#8220; global_colors_info=&#8220;{}&#8220; disabled_on=&#8220;on|on|on&#8220; disabled=&#8220;on&#8220;][et_pb_column type=&#8220;1_4&#8243; _builder_version=&#8220;4.9.4&#8243; _module_preset=&#8220;default&#8220; global_colors_info=&#8220;{}&#8220;][et_pb_image src=&#8220;data:image\/svg+xml;base64,PHN2ZyB3aWR0aD0iMTA4MCIgaGVpZ2h0PSI1NDAiIHZpZXdCb3g9IjAgMCAxMDgwIDU0MCIgeG1sbnM9Imh0dHA6Ly93d3cudzMub3JnLzIwMDAvc3ZnIj4KICAgIDxnIGZpbGw9Im5vbmUiIGZpbGwtcnVsZT0iZXZlbm9kZCI+CiAgICAgICAgPHBhdGggZmlsbD0iI0VCRUJFQiIgZD0iTTAgMGgxMDgwdjU0MEgweiIvPgogICAgICAgIDxwYXRoIGQ9Ik00NDUuNjQ5IDU0MGgtOTguOTk1TDE0NC42NDkgMzM3Ljk5NSAwIDQ4Mi42NDR2LTk4Ljk5NWwxMTYuMzY1LTExNi4zNjVjMTUuNjItMTUuNjIgNDAuOTQ3LTE1LjYyIDU2LjU2OCAwTDQ0NS42NSA1NDB6IiBmaWxsLW9wYWNpdHk9Ii4xIiBmaWxsPSIjMDAwIiBmaWxsLXJ1bGU9Im5vbnplcm8iLz4KICAgICAgICA8Y2lyY2xlIGZpbGwtb3BhY2l0eT0iLjA1IiBmaWxsPSIjMDAwIiBjeD0iMzMxIiBjeT0iMTQ4IiByPSI3MCIvPgogICAgICAgIDxwYXRoIGQ9Ik0xMDgwIDM3OXYxMTMuMTM3TDcyOC4xNjIgMTQwLjMgMzI4LjQ2MiA1NDBIMjE1LjMyNEw2OTkuODc4IDU1LjQ0NmMxNS42Mi0xNS42MiA0MC45NDgtMTUuNjIgNTYuNTY4IDBMMTA4MCAzNzl6IiBmaWxsLW9wYWNpdHk9Ii4yIiBmaWxsPSIjMDAwIiBmaWxsLXJ1bGU9Im5vbnplcm8iLz4KICAgIDwvZz4KPC9zdmc+Cg==&#8220; _builder_version=&#8220;4.9.4&#8243; _module_preset=&#8220;default&#8220; width=&#8220;200px&#8220; height=&#8220;200px&#8220; border_radii=&#8220;on|50%|50%|50%|50%&#8220; global_colors_info=&#8220;{}&#8220;][\/et_pb_image][\/et_pb_column][et_pb_column type=&#8220;3_4&#8243; _builder_version=&#8220;4.9.4&#8243; _module_preset=&#8220;default&#8220; global_colors_info=&#8220;{}&#8220;][et_pb_text _builder_version=&#8220;4.9.4&#8243; _module_preset=&#8220;default&#8220; text_font=&#8220;Poppins|700|||||||&#8220; text_font_size=&#8220;18px&#8220; global_colors_info=&#8220;{}&#8220;]<\/p>\n<p>Dr. Michael Schmidt<\/p>\n<p>[\/et_pb_text][et_pb_text _builder_version=&#8220;4.9.4&#8243; _module_preset=&#8220;default&#8220; global_colors_info=&#8220;{}&#8220;]<\/p>\n<p>Your content goes here. Edit or remove this text inline or in the module Content settings. You can also style every aspect of this content in the module Design settings and even apply custom CSS to this text in the module Advanced settings.<\/p>\n<p>[\/et_pb_text][\/et_pb_column][\/et_pb_row][et_pb_row column_structure=&#8220;1_4,3_4&#8243; disabled_on=&#8220;off|off|off&#8220; _builder_version=&#8220;4.9.4&#8243; _module_preset=&#8220;default&#8220; locked=&#8220;off&#8220; global_colors_info=&#8220;{}&#8220;][et_pb_column type=&#8220;1_4&#8243; _builder_version=&#8220;4.9.4&#8243; _module_preset=&#8220;default&#8220; global_colors_info=&#8220;{}&#8220;][et_pb_image src=&#8220;https:\/\/top-forum.de\/top-forum-wp\/wp-content\/uploads\/2021\/07\/dr-reiner-czichos.jpg&#8220; alt=&#8220;dr-reiner-czichos&#8220; title_text=&#8220;dr-reiner-czichos&#8220; _builder_version=&#8220;4.9.4&#8243; _module_preset=&#8220;default&#8220; width=&#8220;200px&#8220; height=&#8220;200px&#8220; border_radii=&#8220;on|50%|50%|50%|50%&#8220; global_colors_info=&#8220;{}&#8220;][\/et_pb_image][\/et_pb_column][et_pb_column type=&#8220;3_4&#8243; _builder_version=&#8220;4.9.4&#8243; _module_preset=&#8220;default&#8220; global_colors_info=&#8220;{}&#8220;][et_pb_text _builder_version=&#8220;4.9.4&#8243; _module_preset=&#8220;default&#8220; text_font=&#8220;Poppins|700|||||||&#8220; text_font_size=&#8220;18px&#8220; global_colors_info=&#8220;{}&#8220;]<\/p>\n<p>Dr. Reiner Czichos<\/p>\n<p>[\/et_pb_text][et_pb_text _builder_version=&#8220;4.9.4&#8243; _module_preset=&#8220;default&#8220; global_colors_info=&#8220;{}&#8220;]<\/p>\n<p>Dr. Reiner Czichos, Diplom Volkswirt und Diplom Soziologe, Experte f\u00fcr professionelles Ver\u00e4nderungsmanagement, arbeitet seit \u00fcber 40 Jahren als Coach, Berater, Trainer, Moderator, Organisations- und Personalentwickler sowie als Autor. Seit 2016 ist er Lehrbeauftragter und Co-Leader Praxis im Transdisziplin\u00e4ren Lab f\u00fcr Sustainable Digital Environments\u201c an der Donau-Universit\u00e4t Krems (A).<\/p>\n<p>Zus\u00e4tzlich engagiert er sich als Fazilitator\/Projektmanager in dem transdisziplin\u00e4ren Forschungsprojekt DiDaT zum Thema \u201eKMU und Digitalisierung\u201c. In seinen 11 B\u00fcchern und mehr als 150 Aufs\u00e4tzen rings um das Thema Change und Coaching zeigt er Managern und F\u00fchrungskr\u00e4ften &#8211; insbesondere in KMU &#8211; Methoden und Wirkzeuge f\u00fcr eine nachhaltige und innovationsf\u00f6rdernde digitale Transformation auf. Sein Motto: \u201cIt\u00b4s not just technology, it\u00b4s corporate culture!\u201d<\/p>\n<p>[\/et_pb_text][\/et_pb_column][\/et_pb_row][et_pb_row _builder_version=&#8220;4.9.4&#8243; _module_preset=&#8220;default&#8220; global_colors_info=&#8220;{}&#8220;][et_pb_column type=&#8220;4_4&#8243; _builder_version=&#8220;4.9.4&#8243; _module_preset=&#8220;default&#8220; global_colors_info=&#8220;{}&#8220;][et_pb_text _builder_version=&#8220;4.9.4&#8243; _module_preset=&#8220;default&#8220; text_font=&#8220;Poppins|700||on|||||&#8220; text_text_color=&#8220;#E30613&#8243; text_font_size=&#8220;20px&#8220; background_color=&#8220;RGBA(0,0,0,0)&#8220; background_enable_image=&#8220;off&#8220; background_size=&#8220;initial&#8220; background_position=&#8220;top_left&#8220; custom_padding=&#8220;0px||0px|7px|true|false&#8220; border_color_all=&#8220;RGBA(0,0,0,0)&#8220; border_color_bottom=&#8220;#898989&#8243; border_width_left=&#8220;25px&#8220; border_color_left=&#8220;#E30613&#8243; global_colors_info=&#8220;{}&#8220;]Trainertreffen Deutschland[\/et_pb_text][\/et_pb_column][\/et_pb_row][et_pb_row column_structure=&#8220;1_4,3_4&#8243; _builder_version=&#8220;4.9.4&#8243; _module_preset=&#8220;default&#8220; global_colors_info=&#8220;{}&#8220;][et_pb_column type=&#8220;1_4&#8243; _builder_version=&#8220;4.9.4&#8243; _module_preset=&#8220;default&#8220; global_colors_info=&#8220;{}&#8220;][et_pb_image src=&#8220;https:\/\/top-forum.de\/top-forum-wp\/wp-content\/uploads\/2021\/06\/logo-trainertreffen-deutschland.png&#8220; alt=&#8220;logo-trainertreffen-deutschland&#8220; title_text=&#8220;logo-trainertreffen-deutschland&#8220; _builder_version=&#8220;4.9.4&#8243; _module_preset=&#8220;default&#8220; width=&#8220;200px&#8220; height=&#8220;200px&#8220; border_radii=&#8220;on|50%|50%|50%|50%&#8220; global_colors_info=&#8220;{}&#8220;][\/et_pb_image][\/et_pb_column][et_pb_column type=&#8220;3_4&#8243; _builder_version=&#8220;4.9.4&#8243; _module_preset=&#8220;default&#8220; global_colors_info=&#8220;{}&#8220;][et_pb_text _builder_version=&#8220;4.9.4&#8243; _module_preset=&#8220;default&#8220; text_font=&#8220;Poppins|700|||||||&#8220; text_font_size=&#8220;18px&#8220; global_colors_info=&#8220;{}&#8220;]<\/p>\n<p>Bernhard Siegfried Laukamp<\/p>\n<p>[\/et_pb_text][et_pb_text _builder_version=&#8220;4.9.4&#8243; _module_preset=&#8220;default&#8220; global_colors_info=&#8220;{}&#8220;]Das Trainertreffen Deutschland geh\u00f6rt mit zu den renommierten und aktivsten Netzwerken von Weiterbildenden in Deutschland. <\/p>\n<p>Es bildet eine wertebasierte Gemeinschaft professionell arbeitender Trainer:innen, Berater:innen und Coaches, auf dem Fundament des \u201eBerufskodex f\u00fcr die Weiterbildung\u201c des Forum Werteorientierung in der Weiterbildung e.V. (FWW).<\/p>\n<p>Dr. Wolfgang Fuhr mit seinem TOP-FORUM arbeitet mit dem Trainertreffen seit \u00fcber 20 Jahren zusammen und ist Teil dieser starken und zukunftsorientierten Gemeinschaft. Er kann dadurch jederzeit auf eine gro\u00dfe Anzahl professionell arbeitender kompetenter Partner:innen zur\u00fcckgreifen.[\/et_pb_text][\/et_pb_column][\/et_pb_row][et_pb_row _builder_version=&#8220;4.9.4&#8243; _module_preset=&#8220;default&#8220; global_colors_info=&#8220;{}&#8220;][et_pb_column type=&#8220;4_4&#8243; _builder_version=&#8220;4.9.4&#8243; _module_preset=&#8220;default&#8220; global_colors_info=&#8220;{}&#8220;][et_pb_text _builder_version=&#8220;4.9.4&#8243; _module_preset=&#8220;default&#8220; text_font=&#8220;Poppins|700||on|||||&#8220; text_text_color=&#8220;#E30613&#8243; text_font_size=&#8220;20px&#8220; background_color=&#8220;RGBA(0,0,0,0)&#8220; background_enable_image=&#8220;off&#8220; background_size=&#8220;initial&#8220; background_position=&#8220;top_left&#8220; custom_padding=&#8220;0px||0px|7px|true|false&#8220; border_color_all=&#8220;RGBA(0,0,0,0)&#8220; border_color_bottom=&#8220;#898989&#8243; border_width_left=&#8220;25px&#8220; border_color_left=&#8220;#E30613&#8243; global_colors_info=&#8220;{}&#8220;]Partner, mit denen wir langj\u00e4hrig zusammen arbeiten[\/et_pb_text][\/et_pb_column][\/et_pb_row][et_pb_row column_structure=&#8220;1_4,3_4&#8243; _builder_version=&#8220;4.9.4&#8243; _module_preset=&#8220;default&#8220; global_colors_info=&#8220;{}&#8220;][et_pb_column type=&#8220;1_4&#8243; _builder_version=&#8220;4.9.4&#8243; _module_preset=&#8220;default&#8220; global_colors_info=&#8220;{}&#8220;][et_pb_image src=&#8220;https:\/\/top-forum.de\/top-forum-wp\/wp-content\/uploads\/2021\/07\/scheelen-logo.png&#8220; alt=&#8220;scheelen-logo&#8220; title_text=&#8220;scheelen-logo&#8220; _builder_version=&#8220;4.9.9&#8243; _module_preset=&#8220;default&#8220; width=&#8220;200px&#8220; height=&#8220;200px&#8220; border_radii=&#8220;on|50%|50%|50%|50%&#8220; global_colors_info=&#8220;{}&#8220;][\/et_pb_image][\/et_pb_column][et_pb_column type=&#8220;3_4&#8243; _builder_version=&#8220;4.9.4&#8243; _module_preset=&#8220;default&#8220; global_colors_info=&#8220;{}&#8220;][et_pb_text _builder_version=&#8220;4.9.4&#8243; _module_preset=&#8220;default&#8220; text_font=&#8220;Poppins|700|||||||&#8220; text_font_size=&#8220;18px&#8220; global_colors_info=&#8220;{}&#8220;]<\/p>\n<p>Frank Scheelen mit dem Scheelen Institut<\/p>\n<p>[\/et_pb_text][\/et_pb_column][\/et_pb_row][et_pb_row _builder_version=&#8220;4.9.4&#8243; _module_preset=&#8220;default&#8220; custom_margin=&#8220;||||false|false&#8220; custom_padding=&#8220;0px||||false|false&#8220; global_colors_info=&#8220;{}&#8220;][et_pb_column type=&#8220;4_4&#8243; _builder_version=&#8220;4.9.4&#8243; _module_preset=&#8220;default&#8220; global_colors_info=&#8220;{}&#8220;][et_pb_text _builder_version=&#8220;4.9.4&#8243; _module_preset=&#8220;default&#8220; text_text_color=&#8220;#777777&#8243; global_colors_info=&#8220;{}&#8220;]<\/p>\n<p>Dazu kommen Partner aus den verschiedenen Disziplinen wie Personal- und Sozialrecht usw., aber auch Praktiker aus dem HR-Bereich wie Personal-Entwickler und HR-Manager.<\/p>\n<p>[\/et_pb_text][\/et_pb_column][\/et_pb_row][\/et_pb_section]<\/p>\n","protected":false},"excerpt":{"rendered":"<p>\u201e Ein einheitlicher F\u00fchrungsstil ist ebenso \u00fcberholt wie F\u00fchrung nur von \u201eoben\u201cgesehen werden darf\u201c \u2013 F\u00fchrung stellt heute mehr denn je darauf ab, alle menschlichenPotentiale im Hause anzusprechen und im Sinne der unternehmerischen Ziele zu aktivieren.\u201c Unser ERFOLGS-Team &#8211; geballte ERFOLGS-KompetenzWir sind der Meinung, dass komplexe Unternehmens-Themen h\u00e4ufig nur durch interdisziplin\u00e4re Zusammenarbeit erfolgreich bearbeitet werden [&hellip;]<\/p>\n","protected":false},"author":1,"featured_media":0,"parent":0,"menu_order":0,"comment_status":"closed","ping_status":"closed","template":"","meta":{"_et_pb_use_builder":"on","_et_pb_old_content":"","_et_gb_content_width":""},"_links":{"self":[{"href":"https:\/\/top-forum.de\/top-forum-wp\/wp-json\/wp\/v2\/pages\/990"}],"collection":[{"href":"https:\/\/top-forum.de\/top-forum-wp\/wp-json\/wp\/v2\/pages"}],"about":[{"href":"https:\/\/top-forum.de\/top-forum-wp\/wp-json\/wp\/v2\/types\/page"}],"author":[{"embeddable":true,"href":"https:\/\/top-forum.de\/top-forum-wp\/wp-json\/wp\/v2\/users\/1"}],"replies":[{"embeddable":true,"href":"https:\/\/top-forum.de\/top-forum-wp\/wp-json\/wp\/v2\/comments?post=990"}],"version-history":[{"count":15,"href":"https:\/\/top-forum.de\/top-forum-wp\/wp-json\/wp\/v2\/pages\/990\/revisions"}],"predecessor-version":[{"id":1195,"href":"https:\/\/top-forum.de\/top-forum-wp\/wp-json\/wp\/v2\/pages\/990\/revisions\/1195"}],"wp:attachment":[{"href":"https:\/\/top-forum.de\/top-forum-wp\/wp-json\/wp\/v2\/media?parent=990"}],"curies":[{"name":"wp","href":"https:\/\/api.w.org\/{rel}","templated":true}]}}